{"id":17239,"date":"2025-12-02T16:32:07","date_gmt":"2025-12-02T14:32:07","guid":{"rendered":"https:\/\/shop.vallin.lv\/product\/fire-protection-one-gang-junction-box-flush-mounting-for-fire-protection-walls-ei30-ei120\/"},"modified":"2026-04-16T13:24:54","modified_gmt":"2026-04-16T11:24:54","slug":"fire-protection-one-gang-junction-box-flush-mounting-for-fire-protection-walls-ei30-ei120","status":"publish","type":"product","link":"https:\/\/shop.vallin.lv\/lv\/products\/fire-protection-one-gang-junction-box-flush-mounting-for-fire-protection-walls-ei30-ei120\/","title":{"rendered":"Ugunsdro\u0161\u0101 ieb\u016bv\u0113jam\u0101 vienviet\u012bg\u0101 savienojuma k\u0101rba ugunsiztur\u012bg\u0101m sien\u0101m EI30\u2013EI120"},"content":{"rendered":"<p>Flush-mounting fire-protection box<br \/>\nIn solid construction F30-F120 or EI30 - EI120 fire-protection walls, the fire-protection box receives the fire-protection period classification instead of fitted electrical installations. Even if the minimum wall thickness of 60 mm is not achieved in single-sided installation, or even in directly opposing installation, the fire-protection box ensures secure and smokeproof room separation. In the event of a fire, the integrated fire-retardant coating quickly and reliably seals the installation opening, so preventing smoke and flue gas from spreading. At the same time, the risk of the fire spreading because the remaining wall is not thick enough is prevented.<\/p>\n<p>For F30-F120 or EI30-EI120 fire-protection walls<br \/>\nFor minimum remaining wall thicknesses \u2264 60 mm<br \/>\nAlso for directly opposing installation<br \/>\nVariable combination connection piece for conduits up to M25<br \/>\nWith fire-protection cover, can be used as a junction box<br \/>\nMaintains the wall's sound insulation protection<\/p>\n<p><a href=\"https:\/\/www.kaiser-elektro.de\/en_DE\/redirect\/article-plain\/identifier\/1564-01\" target=\"_blank\" rel=\"noopener\">Vair\u0101k inform\u0101cijas<\/a><\/p>\n<p>Datu lapa:<br \/>\n<a href=\"https:\/\/www.kaiser-elektro.de\/en_DE\/redirect\/datasheet\/identifier\/1564-01\" target=\"_blank\" rel=\"noopener\">Skat\u012bt<\/a><\/p>\n<p>Sertifik\u0101ts:<br \/>\n<a href=\"https:\/\/assets.kaiser-elektro.de\/media\/71\/7198\/KAISER_Zertifikat_Brandschutzdose_Unterputz_Allgemeine_Bauartgenehmigung_2020_DE.pdf\" target=\"_blank\" rel=\"noopener\">Flush-mounting fire-protection box &#8211; type approval (Z-19.21-2413)<\/a><\/p>\n<p><a href=\"https:\/\/assets.kaiser-elektro.de\/media\/28\/289\/KAISER_Zertifikat_Schallschutzgutachten_Brandschutzdose_Unterputz_2016_DE.pdf\" target=\"_blank\" rel=\"noopener\">Flush-mounting fire-protection box &#8211; Sound insulation certification<\/a><\/p>\n<p><a href=\"https:\/\/assets.kaiser-elektro.de\/media\/30\/304\/KAISER_Zertifikat_HWD90_30_UP_ETA-18_0091_EN.pdf\" target=\"_blank\" rel=\"noopener\">Fire-protection boxes HWD 90 \/ Ceiling box HWD 30 \/ Flush-mounting fire-protection box &#8211; ETA-18\/0091<\/a><\/p>","protected":false},"excerpt":{"rendered":"<p>Flush-mounting fire-protection box In solid construction F30-F120 or EI30 &#8211; EI120 fire-protection walls, the fire-protection box receives the fire-protection period<\/p>","protected":false},"featured_media":17239,"template":"","meta":[],"product_brand":[],"product_cat":[786],"product_tag":[],"class_list":{"0":"post-17239","1":"product","2":"type-product","3":"status-publish","4":"has-post-thumbnail","6":"product_cat-special-application-boxes","8":"first","9":"outofstock","10":"taxable","11":"shipping-taxable","12":"purchasable","13":"product-type-simple"},"_links":{"self":[{"href":"https:\/\/shop.vallin.lv\/lv\/wp-json\/wp\/v2\/product\/17239","targetHints":{"allow":["GET"]}}],"collection":[{"href":"https:\/\/shop.vallin.lv\/lv\/wp-json\/wp\/v2\/product"}],"about":[{"href":"https:\/\/shop.vallin.lv\/lv\/wp-json\/wp\/v2\/types\/product"}],"version-history":[{"count":5,"href":"https:\/\/shop.vallin.lv\/lv\/wp-json\/wp\/v2\/product\/17239\/revisions"}],"predecessor-version":[{"id":67828,"href":"https:\/\/shop.vallin.lv\/lv\/wp-json\/wp\/v2\/product\/17239\/revisions\/67828"}],"wp:featuredmedia":[{"embeddable":true,"href":"https:\/\/shop.vallin.lv\/lv\/wp-json\/wp\/v2\/product\/17239"}],"wp:attachment":[{"href":"https:\/\/shop.vallin.lv\/lv\/wp-json\/wp\/v2\/media?parent=17239"}],"wp:term":[{"taxonomy":"product_brand","embeddable":true,"href":"https:\/\/shop.vallin.lv\/lv\/wp-json\/wp\/v2\/product_brand?post=17239"},{"taxonomy":"product_cat","embeddable":true,"href":"https:\/\/shop.vallin.lv\/lv\/wp-json\/wp\/v2\/product_cat?post=17239"},{"taxonomy":"product_tag","embeddable":true,"href":"https:\/\/shop.vallin.lv\/lv\/wp-json\/wp\/v2\/product_tag?post=17239"}],"curies":[{"name":"wp","href":"https:\/\/api.w.org\/{rel}","templated":true}]}}