{"id":17237,"date":"2025-12-02T16:32:02","date_gmt":"2025-12-02T14:32:02","guid":{"rendered":"https:\/\/shop.vallin.lv\/product\/one-gang-junction-box-econ-styro-55-with-4-swivels-with-ribs-and-sealing-lip\/"},"modified":"2026-05-07T15:55:49","modified_gmt":"2026-05-07T13:55:49","slug":"one-gang-junction-box-econ-styro-55-with-4-swivels-with-ribs-and-sealing-lip","status":"publish","type":"product","link":"https:\/\/shop.vallin.lv\/lv\/products\/one-gang-junction-box-econ-styro-55-with-4-swivels-with-ribs-and-sealing-lip\/","title":{"rendered":"Vienviet\u012bg\u0101 savienojuma k\u0101rba ECON\u00ae Styro 55 ar 4 grozd\u0101m, rib\u0101m un bl\u012bv\u0113\u0161anas l\u016bpu"},"content":{"rendered":"<p>One-gang junction box ECON\u00ae Styro55<br \/>\nOne-gang junction box ECON\u00ae Styro55 is the solution for retrofitting various built-in appliances in external thermal insulation composite systems (ETICS) with EPS\/XPS or comparable insulating materials that have already been plastered. The special swivelling cutting edges ensure secure mechanical fastening in the insulation material. Switches, sockets, intercom systems and much more can be permanently attached easily, quickly, securely and without heat bridges.<\/p>\n<p>Air-tight and heat bridge-free electrical installation in accordance with DIN 18015-5 in ETICS<br \/>\nSuitable for EPS\/XPS (and comparable insulation materials) from a bulk density of 15kg\/m\u00b3<br \/>\nSecure mechanical anchoring in the ETICS thanks to 4 swivelling cutting edges<br \/>\nSpecial cutter (Art. No. 1088-07) prevents damage to the cable<br \/>\nSealing lip prevents moisture penetration<br \/>\nMaking of combinations is possible<\/p>\n<p><a href=\"https:\/\/www.kaiser-elektro.de\/en_DE\/redirect\/article-plain\/identifier\/1555-51\" target=\"_blank\" rel=\"noopener\">Vair\u0101k inform\u0101cijas<\/a><\/p>\n<p>Datu lapa:<br \/>\n<a href=\"https:\/\/www.kaiser-elektro.de\/en_DE\/redirect\/datasheet\/identifier\/1555-51\" target=\"_blank\" rel=\"noopener\">Skat\u012bt<\/a><\/p>\n<p>Sertifik\u0101ts:<br \/>\n<a href=\"https:\/\/assets.kaiser-elektro.de\/media\/19\/19070\/KAISER_Zertifikat_1555-51_1159-50_Waermebrueckenberechnung_EN.pdf\" target=\"_blank\" rel=\"noopener\">Heat bridge calculation &#8211; Test report<\/a><\/p>","protected":false},"excerpt":{"rendered":"<p>One-gang junction box ECON\u00ae Styro55 One-gang junction box ECON\u00ae Styro55 is the solution for retrofitting various built-in appliances in external<\/p>","protected":false},"featured_media":17237,"template":"","meta":[],"product_brand":[],"product_cat":[784],"product_tag":[],"class_list":{"0":"post-17237","1":"product","2":"type-product","3":"status-publish","4":"has-post-thumbnail","6":"product_cat-boxes-for-concrete-walls","8":"first","9":"instock","10":"taxable","11":"shipping-taxable","12":"purchasable","13":"product-type-simple"},"_links":{"self":[{"href":"https:\/\/shop.vallin.lv\/lv\/wp-json\/wp\/v2\/product\/17237","targetHints":{"allow":["GET"]}}],"collection":[{"href":"https:\/\/shop.vallin.lv\/lv\/wp-json\/wp\/v2\/product"}],"about":[{"href":"https:\/\/shop.vallin.lv\/lv\/wp-json\/wp\/v2\/types\/product"}],"version-history":[{"count":5,"href":"https:\/\/shop.vallin.lv\/lv\/wp-json\/wp\/v2\/product\/17237\/revisions"}],"predecessor-version":[{"id":67826,"href":"https:\/\/shop.vallin.lv\/lv\/wp-json\/wp\/v2\/product\/17237\/revisions\/67826"}],"wp:featuredmedia":[{"embeddable":true,"href":"https:\/\/shop.vallin.lv\/lv\/wp-json\/wp\/v2\/product\/17237"}],"wp:attachment":[{"href":"https:\/\/shop.vallin.lv\/lv\/wp-json\/wp\/v2\/media?parent=17237"}],"wp:term":[{"taxonomy":"product_brand","embeddable":true,"href":"https:\/\/shop.vallin.lv\/lv\/wp-json\/wp\/v2\/product_brand?post=17237"},{"taxonomy":"product_cat","embeddable":true,"href":"https:\/\/shop.vallin.lv\/lv\/wp-json\/wp\/v2\/product_cat?post=17237"},{"taxonomy":"product_tag","embeddable":true,"href":"https:\/\/shop.vallin.lv\/lv\/wp-json\/wp\/v2\/product_tag?post=17237"}],"curies":[{"name":"wp","href":"https:\/\/api.w.org\/{rel}","templated":true}]}}