{"id":17235,"date":"2025-12-02T16:31:58","date_gmt":"2025-12-02T14:31:58","guid":{"rendered":"https:\/\/shop.vallin.lv\/product\/flush-mounting-one-gang-junction-box-econ-15-air-tight-without-device-screws-depth-66-mm\/"},"modified":"2026-04-16T13:24:51","modified_gmt":"2026-04-16T11:24:51","slug":"flush-mounting-one-gang-junction-box-econ-15-air-tight-without-device-screws-depth-66-mm","status":"publish","type":"product","link":"https:\/\/shop.vallin.lv\/lv\/products\/flush-mounting-one-gang-junction-box-econ-15-air-tight-without-device-screws-depth-66-mm\/","title":{"rendered":"Ieb\u016bv\u0113jam\u0101 vienviet\u012bg\u0101 savienojuma k\u0101rba ECON 15, herm\u0113tiska bez ier\u012bces skr\u016bv\u0113m, dzi\u013cums 66 mm"},"content":{"rendered":"<p>Air-tight flush-mounting boxes<br \/>\nFlush-mounting boxes with ECON\u00ae technology permit guaranteed air-tight installation. They offer a variety of options for air-tight conduit and cable entries and can be either plastered or processed using Klemmfix\u00ae. The new ECON\u00ae Multi-Membrane allows the insertion of several cables without gusset formation or the insertion of conduits up to M25.<\/p>\n<p>Air-tight design with ECON\u00ae sealing membranes<br \/>\nAvoids leaks in exterior facades made from hollow chamber blocks<br \/>\nVariable and tool-free cable and conduit entries<br \/>\nTorsion-proof, guaranteed standardised combination distance of 71 mm<\/p>\n<p><a href=\"https:\/\/www.kaiser-elektro.de\/en_DE\/redirect\/article-plain\/identifier\/1555-21\" target=\"_blank\" rel=\"noopener\">Vair\u0101k inform\u0101cijas<\/a><\/p>\n<p>Datu lapa:<br \/>\n<a href=\"https:\/\/www.kaiser-elektro.de\/en_DE\/redirect\/datasheet\/identifier\/1555-21\" target=\"_blank\" rel=\"noopener\">Skat\u012bt<\/a><\/p>\n<p>Sertifik\u0101ts:<br \/>\n<a href=\"https:\/\/assets.kaiser-elektro.de\/media\/10\/10463\/KAISER_Hygiene_Zertifikat_Unterputzdosen_Typ_ECON_10_ECON_15_DE_web.pdf\" target=\"_blank\" rel=\"noopener\">Airtight flush-mounted boxes ECON\u00ae 10\/15 &#8211; Hygienic suitability<\/a><\/p>","protected":false},"excerpt":{"rendered":"<p>Air-tight flush-mounting boxes Flush-mounting boxes with ECON\u00ae technology permit guaranteed air-tight installation. They offer a variety of options for air-tight<\/p>","protected":false},"featured_media":17235,"template":"","meta":[],"product_brand":[],"product_cat":[784],"product_tag":[],"class_list":{"0":"post-17235","1":"product","2":"type-product","3":"status-publish","4":"has-post-thumbnail","6":"product_cat-boxes-for-concrete-walls","8":"first","9":"instock","10":"taxable","11":"shipping-taxable","12":"purchasable","13":"product-type-simple"},"_links":{"self":[{"href":"https:\/\/shop.vallin.lv\/lv\/wp-json\/wp\/v2\/product\/17235","targetHints":{"allow":["GET"]}}],"collection":[{"href":"https:\/\/shop.vallin.lv\/lv\/wp-json\/wp\/v2\/product"}],"about":[{"href":"https:\/\/shop.vallin.lv\/lv\/wp-json\/wp\/v2\/types\/product"}],"version-history":[{"count":5,"href":"https:\/\/shop.vallin.lv\/lv\/wp-json\/wp\/v2\/product\/17235\/revisions"}],"predecessor-version":[{"id":67824,"href":"https:\/\/shop.vallin.lv\/lv\/wp-json\/wp\/v2\/product\/17235\/revisions\/67824"}],"wp:featuredmedia":[{"embeddable":true,"href":"https:\/\/shop.vallin.lv\/lv\/wp-json\/wp\/v2\/product\/17235"}],"wp:attachment":[{"href":"https:\/\/shop.vallin.lv\/lv\/wp-json\/wp\/v2\/media?parent=17235"}],"wp:term":[{"taxonomy":"product_brand","embeddable":true,"href":"https:\/\/shop.vallin.lv\/lv\/wp-json\/wp\/v2\/product_brand?post=17235"},{"taxonomy":"product_cat","embeddable":true,"href":"https:\/\/shop.vallin.lv\/lv\/wp-json\/wp\/v2\/product_cat?post=17235"},{"taxonomy":"product_tag","embeddable":true,"href":"https:\/\/shop.vallin.lv\/lv\/wp-json\/wp\/v2\/product_tag?post=17235"}],"curies":[{"name":"wp","href":"https:\/\/api.w.org\/{rel}","templated":true}]}}