{"id":17214,"date":"2025-12-02T16:31:19","date_gmt":"2025-12-02T14:31:19","guid":{"rendered":"https:\/\/shop.vallin.lv\/product\/concr-cnstr-b1-two-gang-junction-box-2-part-instal-opening-60-x-131-mm-depth-91-mm-with-prefix-wing-slot\/"},"modified":"2026-04-16T13:24:25","modified_gmt":"2026-04-16T11:24:25","slug":"concr-cnstr-b1-two-gang-junction-box-2-part-instal-opening-60-x-131-mm-depth-91-mm-with-prefix-wing-slot","status":"publish","type":"product","link":"https:\/\/shop.vallin.lv\/lv\/products\/concr-cnstr-b1-two-gang-junction-box-2-part-instal-opening-60-x-131-mm-depth-91-mm-with-prefix-wing-slot\/","title":{"rendered":"Betona konstrukcija, B1 divviet\u012bg\u0101 savienojuma k\u0101rba 2 da\u013c\u0101s, uzst\u0101d\u012b\u0161anas atvere 60 x 131 mm, dzi\u013cums 91 mm, ar Prefix\u00ae sp\u0101rnu slotu"},"content":{"rendered":"<p>B\u00b9 Electronics box and B\u00b9 two-gang junction box<br \/>\nThe B\u00b9 electronics box and B\u00b9 two-gang junction box are especially suitable for installations in on-site mixed concrete vertical formwork. The B\u00b9 electronics box provides plenty of space for accessory installations, and additional space for devices such as switch actuators or other components for smart home applications. The relevant separator wall allows the standardised installation of bus and operating voltages in a single box. B\u00b9 Two-gang junction boxes allow the installation of block and pre-wired accessories, and provide space for the assembly of cable for multimedia connections.<\/p>\n<p>Plenty of space for accessories and cables<br \/>\nSeparator wall for the standardised incorporation of two voltage types<br \/>\nFlat front part for fast, easy nailing<br \/>\nInnovative conduit entries for fast processing on the construction site<br \/>\nSlot for B\u00b9 Prefix\u00ae system wing set<br \/>\nSpring travel ensures secure fit in standing formwork<\/p>\n<p><a href=\"https:\/\/www.kaiser-elektro.de\/en_DE\/redirect\/article-plain\/identifier\/1269-01\" target=\"_blank\" rel=\"noopener\">Vair\u0101k inform\u0101cijas<\/a><\/p>\n<p>Datu lapa:<br \/>\n<a href=\"https:\/\/www.kaiser-elektro.de\/en_DE\/redirect\/datasheet\/identifier\/1269-01\" target=\"_blank\" rel=\"noopener\">Skat\u012bt<\/a><\/p>\n<p>Sertifik\u0101ts:<br \/>\n<a href=\"https:\/\/assets.kaiser-elektro.de\/media\/16\/16922\/KAISER_Zertifikat_Schallschutzgutachten_Betonbauprogramm_2023_DE.pdf\" target=\"_blank\" rel=\"noopener\">Concrete construction boxes &#8211; Sound insulation certificate<\/a><\/p>\n<p><a href=\"https:\/\/www.youtube.com\/watch?v=f5WRs7rohEM\" target=\"_blank\" rel=\"noopener\">Video<\/a><\/p>","protected":false},"excerpt":{"rendered":"<p>B\u00b9 Electronics box and B\u00b9 two-gang junction box The B\u00b9 electronics box and B\u00b9 two-gang junction box are especially suitable<\/p>","protected":false},"featured_media":17214,"template":"","meta":[],"product_brand":[],"product_cat":[787],"product_tag":[],"class_list":{"0":"post-17214","1":"product","2":"type-product","3":"status-publish","4":"has-post-thumbnail","6":"product_cat-concrete-systems","8":"first","9":"outofstock","10":"taxable","11":"shipping-taxable","12":"purchasable","13":"product-type-simple"},"_links":{"self":[{"href":"https:\/\/shop.vallin.lv\/lv\/wp-json\/wp\/v2\/product\/17214","targetHints":{"allow":["GET"]}}],"collection":[{"href":"https:\/\/shop.vallin.lv\/lv\/wp-json\/wp\/v2\/product"}],"about":[{"href":"https:\/\/shop.vallin.lv\/lv\/wp-json\/wp\/v2\/types\/product"}],"version-history":[{"count":5,"href":"https:\/\/shop.vallin.lv\/lv\/wp-json\/wp\/v2\/product\/17214\/revisions"}],"predecessor-version":[{"id":67803,"href":"https:\/\/shop.vallin.lv\/lv\/wp-json\/wp\/v2\/product\/17214\/revisions\/67803"}],"wp:featuredmedia":[{"embeddable":true,"href":"https:\/\/shop.vallin.lv\/lv\/wp-json\/wp\/v2\/product\/17214"}],"wp:attachment":[{"href":"https:\/\/shop.vallin.lv\/lv\/wp-json\/wp\/v2\/media?parent=17214"}],"wp:term":[{"taxonomy":"product_brand","embeddable":true,"href":"https:\/\/shop.vallin.lv\/lv\/wp-json\/wp\/v2\/product_brand?post=17214"},{"taxonomy":"product_cat","embeddable":true,"href":"https:\/\/shop.vallin.lv\/lv\/wp-json\/wp\/v2\/product_cat?post=17214"},{"taxonomy":"product_tag","embeddable":true,"href":"https:\/\/shop.vallin.lv\/lv\/wp-json\/wp\/v2\/product_tag?post=17214"}],"curies":[{"name":"wp","href":"https:\/\/api.w.org\/{rel}","templated":true}]}}