{"id":17204,"date":"2025-12-02T16:31:01","date_gmt":"2025-12-02T14:31:01","guid":{"rendered":"https:\/\/shop.vallin.lv\/product\/conc-constr-wall-ceil-transition-90-for-m25-conduits-with-2-closing-covers\/"},"modified":"2026-04-20T15:01:07","modified_gmt":"2026-04-20T13:01:07","slug":"conc-constr-wall-ceil-transition-90-for-m25-conduits-with-2-closing-covers","status":"publish","type":"product","link":"https:\/\/shop.vallin.lv\/lv\/products\/conc-constr-wall-ceil-transition-90-for-m25-conduits-with-2-closing-covers\/","title":{"rendered":"Betona konstrukcija sienas-griestu p\u0101reja 90\u00b0 M25 kan\u0101liem ar 2 aizv\u0113r\u0161anas v\u0101kiem"},"content":{"rendered":"<p>90\u00b0 wall and ceiling transition<br \/>\n90\u00b0 wall and ceiling transition for uninterrupted conduit connections and wall and ceiling exits. The 90\u00b0 bend makes it much easier to pull the cables through at a later stage.<\/p>\n<p>For secure conduit connections on prefabricated concrete elements<br \/>\nFor fitting to formwork edging<br \/>\nFor rigid and flexible DIN EN conduits<br \/>\nUpper conduit entry above the filigree ceiling, for laying conduits on the building site<\/p>\n<p><a href=\"https:\/\/www.kaiser-elektro.de\/en_DE\/redirect\/article-plain\/identifier\/1261-14\" target=\"_blank\" rel=\"noopener\">Vair\u0101k inform\u0101cijas<\/a><\/p>\n<p>Datu lapa:<br \/>\n<a href=\"https:\/\/www.kaiser-elektro.de\/en_DE\/redirect\/datasheet\/identifier\/1261-14\" target=\"_blank\" rel=\"noopener\">Skat\u012bt<\/a><\/p>","protected":false},"excerpt":{"rendered":"<p>90\u00b0 wall and ceiling transition 90\u00b0 wall and ceiling transition for uninterrupted conduit connections and wall and ceiling exits. The<\/p>","protected":false},"featured_media":17204,"template":"","meta":[],"product_brand":[],"product_cat":[787],"product_tag":[],"class_list":{"0":"post-17204","1":"product","2":"type-product","3":"status-publish","4":"has-post-thumbnail","6":"product_cat-concrete-systems","8":"first","9":"instock","10":"taxable","11":"shipping-taxable","12":"purchasable","13":"product-type-simple"},"_links":{"self":[{"href":"https:\/\/shop.vallin.lv\/lv\/wp-json\/wp\/v2\/product\/17204","targetHints":{"allow":["GET"]}}],"collection":[{"href":"https:\/\/shop.vallin.lv\/lv\/wp-json\/wp\/v2\/product"}],"about":[{"href":"https:\/\/shop.vallin.lv\/lv\/wp-json\/wp\/v2\/types\/product"}],"version-history":[{"count":5,"href":"https:\/\/shop.vallin.lv\/lv\/wp-json\/wp\/v2\/product\/17204\/revisions"}],"predecessor-version":[{"id":67793,"href":"https:\/\/shop.vallin.lv\/lv\/wp-json\/wp\/v2\/product\/17204\/revisions\/67793"}],"wp:featuredmedia":[{"embeddable":true,"href":"https:\/\/shop.vallin.lv\/lv\/wp-json\/wp\/v2\/product\/17204"}],"wp:attachment":[{"href":"https:\/\/shop.vallin.lv\/lv\/wp-json\/wp\/v2\/media?parent=17204"}],"wp:term":[{"taxonomy":"product_brand","embeddable":true,"href":"https:\/\/shop.vallin.lv\/lv\/wp-json\/wp\/v2\/product_brand?post=17204"},{"taxonomy":"product_cat","embeddable":true,"href":"https:\/\/shop.vallin.lv\/lv\/wp-json\/wp\/v2\/product_cat?post=17204"},{"taxonomy":"product_tag","embeddable":true,"href":"https:\/\/shop.vallin.lv\/lv\/wp-json\/wp\/v2\/product_tag?post=17204"}],"curies":[{"name":"wp","href":"https:\/\/api.w.org\/{rel}","templated":true}]}}