{"id":17202,"date":"2025-12-02T16:30:57","date_gmt":"2025-12-02T14:30:57","guid":{"rendered":"https:\/\/shop.vallin.lv\/product\/concrete-construct-one-gang-box-flat-45-for-thin-walls-depth-45-mm-installation-opening-o-60-mm-1-part\/"},"modified":"2026-04-16T13:25:52","modified_gmt":"2026-04-16T11:25:52","slug":"concrete-construct-one-gang-box-flat-45-for-thin-walls-depth-45-mm-installation-opening-o-60-mm-1-part","status":"publish","type":"product","link":"https:\/\/shop.vallin.lv\/lv\/products\/concrete-construct-one-gang-box-flat-45-for-thin-walls-depth-45-mm-installation-opening-o-60-mm-1-part\/","title":{"rendered":"Betona konstrukcija, vienviet\u012bg\u0101 k\u0101rba Flat 45 pl\u0101n\u0101m sien\u0101m, dzi\u013cums 45 mm, uzst\u0101d\u012b\u0161anas atvere \u00d8 60 mm, 1 da\u013ca"},"content":{"rendered":"<p>System Flat 45<br \/>\nThe new Flat 45 system makes electrical installation in modularised, industrially produced room systems simpler, more flexible and more economical. With its low installation depth of 45 mm, the Flat 45 one-gang, one-gang junction and wall light connection box is specially adapted for the factory production of complete modules with low wall thicknesses. For secure fixing to the formwork using expansion dowels, rivets and threaded screws, they have fixing options at the front and rear. Exact positioning on the reinforcement with support element on the rear abutment between the two formwork sides is made possible by special fixing and support elements with lateral connectors and support elements for wall thicknesses of 8 and 12 cm.<\/p>\n<p>Complete range consisting of one-gang box, one-gang junction box and wall light connection box<br \/>\nSystem installation depth 45 mm<br \/>\nRobust and concrete-tight article design<br \/>\nOne-gang junction box with generous lateral terminal compartment<br \/>\nCan be stably combined over the complete box body with a standardised combination distance of 71 mm<br \/>\nEasy installation of pre-wired installation accessories in multiple combinations using a bridge that can be broken off afterwards<\/p>\n<p><a href=\"https:\/\/www.kaiser-elektro.de\/en_DE\/redirect\/article-plain\/identifier\/1256-01\" target=\"_blank\" rel=\"noopener\">Vair\u0101k inform\u0101cijas<\/a><\/p>\n<p>Datu lapa:<br \/>\n<a href=\"https:\/\/www.kaiser-elektro.de\/en_DE\/redirect\/datasheet\/identifier\/1256-01\" target=\"_blank\" rel=\"noopener\">Skat\u012bt<\/a><\/p>","protected":false},"excerpt":{"rendered":"<p>System Flat 45 The new Flat 45 system makes electrical installation in modularised, industrially produced room systems simpler, more flexible<\/p>","protected":false},"featured_media":17202,"template":"","meta":[],"product_brand":[],"product_cat":[787],"product_tag":[],"class_list":{"0":"post-17202","1":"product","2":"type-product","3":"status-publish","4":"has-post-thumbnail","6":"product_cat-concrete-systems","8":"first","9":"outofstock","10":"taxable","11":"shipping-taxable","12":"purchasable","13":"product-type-simple"},"_links":{"self":[{"href":"https:\/\/shop.vallin.lv\/lv\/wp-json\/wp\/v2\/product\/17202","targetHints":{"allow":["GET"]}}],"collection":[{"href":"https:\/\/shop.vallin.lv\/lv\/wp-json\/wp\/v2\/product"}],"about":[{"href":"https:\/\/shop.vallin.lv\/lv\/wp-json\/wp\/v2\/types\/product"}],"version-history":[{"count":5,"href":"https:\/\/shop.vallin.lv\/lv\/wp-json\/wp\/v2\/product\/17202\/revisions"}],"predecessor-version":[{"id":67791,"href":"https:\/\/shop.vallin.lv\/lv\/wp-json\/wp\/v2\/product\/17202\/revisions\/67791"}],"wp:featuredmedia":[{"embeddable":true,"href":"https:\/\/shop.vallin.lv\/lv\/wp-json\/wp\/v2\/product\/17202"}],"wp:attachment":[{"href":"https:\/\/shop.vallin.lv\/lv\/wp-json\/wp\/v2\/media?parent=17202"}],"wp:term":[{"taxonomy":"product_brand","embeddable":true,"href":"https:\/\/shop.vallin.lv\/lv\/wp-json\/wp\/v2\/product_brand?post=17202"},{"taxonomy":"product_cat","embeddable":true,"href":"https:\/\/shop.vallin.lv\/lv\/wp-json\/wp\/v2\/product_cat?post=17202"},{"taxonomy":"product_tag","embeddable":true,"href":"https:\/\/shop.vallin.lv\/lv\/wp-json\/wp\/v2\/product_tag?post=17202"}],"curies":[{"name":"wp","href":"https:\/\/api.w.org\/{rel}","templated":true}]}}