{"id":17201,"date":"2025-12-02T16:30:55","date_gmt":"2025-12-02T14:30:55","guid":{"rendered":"https:\/\/shop.vallin.lv\/product\/concr-construction-b1-one-gang-box-2-part-installation-opening-o-60-mm-depth-59-mm-with-prefix-wing-slot\/"},"modified":"2026-04-16T13:24:28","modified_gmt":"2026-04-16T11:24:28","slug":"concr-construction-b1-one-gang-box-2-part-installation-opening-o-60-mm-depth-59-mm-with-prefix-wing-slot","status":"publish","type":"product","link":"https:\/\/shop.vallin.lv\/lv\/products\/concr-construction-b1-one-gang-box-2-part-installation-opening-o-60-mm-depth-59-mm-with-prefix-wing-slot\/","title":{"rendered":"Betona konstrukcija, B1 vienviet\u012bg\u0101 k\u0101rba 2 da\u013c\u0101s, uzst\u0101d\u012b\u0161anas atvere \u00d8 60 mm, dzi\u013cums 59 mm, ar Prefix\u00ae sp\u0101rnu slotu"},"content":{"rendered":"<p>B\u00b9 one-gang box and B\u00b9 one-gang junction boxes<br \/>\nB\u00b9, the new on-site mixed concrete range of products for electrical installation work. In addition to the tried-and-tested system features such as the flat front part, sturdy fixing domes and the support element slot with a sprung box base, the new B\u00b9 range has innovative conduit entries, sturdy slots for the new B\u00b9 Prefix\u00ae system wing range, and also bridges \u2013 which can be broken out later if required \u2013 for connecting accessories in combinations.<\/p>\n<p>Suitable for all types of formwork<br \/>\nSlot for B\u00b9 Prefix\u00ae system wing set<br \/>\nCan be stably combined over the complete box body with a standardised combination distance of 71 mm<br \/>\nInnovative conduit entries for fast processing on the construction site<br \/>\nSignal bristles for easy location with installations on the opposing formwork side<br \/>\nLarger mounting and installation space<br \/>\nInstallation of pre-wired installation accessories with multiple combinations, because the bridge can be broken out later<\/p>\n<p><a href=\"https:\/\/www.kaiser-elektro.de\/en_DE\/redirect\/article-plain\/identifier\/1255-01\" target=\"_blank\" rel=\"noopener\">Vair\u0101k inform\u0101cijas<\/a><\/p>\n<p>Datu lapa:<br \/>\n<a href=\"https:\/\/www.kaiser-elektro.de\/en_DE\/redirect\/datasheet\/identifier\/1255-01\" target=\"_blank\" rel=\"noopener\">Skat\u012bt<\/a><\/p>\n<p>Sertifik\u0101ts:<br \/>\n<a href=\"https:\/\/assets.kaiser-elektro.de\/media\/16\/16922\/KAISER_Zertifikat_Schallschutzgutachten_Betonbauprogramm_2023_DE.pdf\" target=\"_blank\" rel=\"noopener\">Concrete construction boxes &#8211; Sound insulation certificate<\/a><\/p>\n<p><a href=\"https:\/\/www.youtube.com\/watch?v=f5WRs7rohEM\" target=\"_blank\" rel=\"noopener\">Video<\/a><\/p>","protected":false},"excerpt":{"rendered":"<p>B\u00b9 one-gang box and B\u00b9 one-gang junction boxes B\u00b9, the new on-site mixed concrete range of products for electrical installation<\/p>","protected":false},"featured_media":17201,"template":"","meta":[],"product_brand":[],"product_cat":[787],"product_tag":[],"class_list":{"0":"post-17201","1":"product","2":"type-product","3":"status-publish","4":"has-post-thumbnail","6":"product_cat-concrete-systems","8":"first","9":"instock","10":"taxable","11":"shipping-taxable","12":"purchasable","13":"product-type-simple"},"_links":{"self":[{"href":"https:\/\/shop.vallin.lv\/lv\/wp-json\/wp\/v2\/product\/17201","targetHints":{"allow":["GET"]}}],"collection":[{"href":"https:\/\/shop.vallin.lv\/lv\/wp-json\/wp\/v2\/product"}],"about":[{"href":"https:\/\/shop.vallin.lv\/lv\/wp-json\/wp\/v2\/types\/product"}],"version-history":[{"count":5,"href":"https:\/\/shop.vallin.lv\/lv\/wp-json\/wp\/v2\/product\/17201\/revisions"}],"predecessor-version":[{"id":67790,"href":"https:\/\/shop.vallin.lv\/lv\/wp-json\/wp\/v2\/product\/17201\/revisions\/67790"}],"wp:featuredmedia":[{"embeddable":true,"href":"https:\/\/shop.vallin.lv\/lv\/wp-json\/wp\/v2\/product\/17201"}],"wp:attachment":[{"href":"https:\/\/shop.vallin.lv\/lv\/wp-json\/wp\/v2\/media?parent=17201"}],"wp:term":[{"taxonomy":"product_brand","embeddable":true,"href":"https:\/\/shop.vallin.lv\/lv\/wp-json\/wp\/v2\/product_brand?post=17201"},{"taxonomy":"product_cat","embeddable":true,"href":"https:\/\/shop.vallin.lv\/lv\/wp-json\/wp\/v2\/product_cat?post=17201"},{"taxonomy":"product_tag","embeddable":true,"href":"https:\/\/shop.vallin.lv\/lv\/wp-json\/wp\/v2\/product_tag?post=17201"}],"curies":[{"name":"wp","href":"https:\/\/api.w.org\/{rel}","templated":true}]}}