{"id":17195,"date":"2025-12-02T16:30:44","date_gmt":"2025-12-02T14:30:44","guid":{"rendered":"https:\/\/shop.vallin.lv\/product\/conc-const-b1-prefixadapter-o-32mm-1-part-for-art-no-1202-29-1204-29-for-prefix-wing-slot\/"},"modified":"2026-04-16T13:24:30","modified_gmt":"2026-04-16T11:24:30","slug":"conc-const-b1-prefixadapter-o-32mm-1-part-for-art-no-1202-29-1204-29-for-prefix-wing-slot","status":"publish","type":"product","link":"https:\/\/shop.vallin.lv\/lv\/products\/conc-const-b1-prefixadapter-o-32mm-1-part-for-art-no-1202-29-1204-29-for-prefix-wing-slot\/","title":{"rendered":"Betona konstrukcija, B1 Prefix\u00ae adapters \u00d8 32 mm, 1 da\u013ca, priek\u0161 art. nr. 1202-29 &amp; 1204-29, Prefix\u00ae sp\u0101rnu slotam"},"content":{"rendered":"<p>B\u00b9 Prefix\u00ae wall outlet adapter<br \/>\nUsing the B\u00b9 Prefix\u00ae wall outlet adapter, end and transition grommets, and wall and ceiling 30\u00b0-elbows, can be easily and quickly fixed to the reinforcement for pressing against the (not yet placed) front formwork. They have two strong attachment slots, on opposite sides, for clicking the new Prefix\u00ae system wing brackets into place.<\/p>\n<p>Fast and easy installation on opposing formwork without support element and abutment<br \/>\nFor installation in exposed concrete, pressed against the front formwork<\/p>\n<p><a href=\"https:\/\/www.kaiser-elektro.de\/en_DE\/redirect\/article-plain\/identifier\/1211-32\" target=\"_blank\" rel=\"noopener\">Vair\u0101k inform\u0101cijas<\/a><\/p>\n<p>Datu lapa:<br \/>\n<a href=\"https:\/\/www.kaiser-elektro.de\/en_DE\/redirect\/datasheet\/identifier\/1211-32\" target=\"_blank\" rel=\"noopener\">Skat\u012bt<\/a><\/p>\n<p><a href=\"https:\/\/www.youtube.com\/watch?v=wMsvluZfWvY\" target=\"_blank\" rel=\"noopener\">Video<\/a><\/p>","protected":false},"excerpt":{"rendered":"<p>B\u00b9 Prefix\u00ae wall outlet adapter Using the B\u00b9 Prefix\u00ae wall outlet adapter, end and transition grommets, and wall and ceiling<\/p>","protected":false},"featured_media":17195,"template":"","meta":[],"product_brand":[],"product_cat":[787],"product_tag":[],"class_list":{"0":"post-17195","1":"product","2":"type-product","3":"status-publish","4":"has-post-thumbnail","6":"product_cat-concrete-systems","8":"first","9":"outofstock","10":"taxable","11":"shipping-taxable","12":"purchasable","13":"product-type-simple"},"_links":{"self":[{"href":"https:\/\/shop.vallin.lv\/lv\/wp-json\/wp\/v2\/product\/17195","targetHints":{"allow":["GET"]}}],"collection":[{"href":"https:\/\/shop.vallin.lv\/lv\/wp-json\/wp\/v2\/product"}],"about":[{"href":"https:\/\/shop.vallin.lv\/lv\/wp-json\/wp\/v2\/types\/product"}],"version-history":[{"count":5,"href":"https:\/\/shop.vallin.lv\/lv\/wp-json\/wp\/v2\/product\/17195\/revisions"}],"predecessor-version":[{"id":67784,"href":"https:\/\/shop.vallin.lv\/lv\/wp-json\/wp\/v2\/product\/17195\/revisions\/67784"}],"wp:featuredmedia":[{"embeddable":true,"href":"https:\/\/shop.vallin.lv\/lv\/wp-json\/wp\/v2\/product\/17195"}],"wp:attachment":[{"href":"https:\/\/shop.vallin.lv\/lv\/wp-json\/wp\/v2\/media?parent=17195"}],"wp:term":[{"taxonomy":"product_brand","embeddable":true,"href":"https:\/\/shop.vallin.lv\/lv\/wp-json\/wp\/v2\/product_brand?post=17195"},{"taxonomy":"product_cat","embeddable":true,"href":"https:\/\/shop.vallin.lv\/lv\/wp-json\/wp\/v2\/product_cat?post=17195"},{"taxonomy":"product_tag","embeddable":true,"href":"https:\/\/shop.vallin.lv\/lv\/wp-json\/wp\/v2\/product_tag?post=17195"}],"curies":[{"name":"wp","href":"https:\/\/api.w.org\/{rel}","templated":true}]}}