{"id":17192,"date":"2025-12-02T16:30:38","date_gmt":"2025-12-02T14:30:38","guid":{"rendered":"https:\/\/shop.vallin.lv\/product\/concr-const-prefix-wall-exit-box-1-part-installation-opening-o-35-mm-depth-91-mm-with-prefix-wings\/"},"modified":"2026-04-16T13:25:44","modified_gmt":"2026-04-16T11:25:44","slug":"concr-const-prefix-wall-exit-box-1-part-installation-opening-o-35-mm-depth-91-mm-with-prefix-wings","status":"publish","type":"product","link":"https:\/\/shop.vallin.lv\/lv\/products\/concr-const-prefix-wall-exit-box-1-part-installation-opening-o-35-mm-depth-91-mm-with-prefix-wings\/","title":{"rendered":"Betona konstrukcija, Prefix\u00ae sienas izejas k\u0101rba 1 da\u013ca, uzst\u0101d\u012b\u0161anas atvere \u00d8 35 mm, dzi\u013cums 91 mm, ar Prefix\u00ae sp\u0101rniem"},"content":{"rendered":"<p>Prefix\u00ae concrete construction box for fixing to the reinforcement<br \/>\nThe new Prefix\u00ae concrete construction boxes, in addition to the proven product features such as lateral installation clamps for fastening to the reinforcement, mounting clips for pre-fixing the items and marked wave profile for an exact and secure fit, now also have innovative conduit entries, insertion options in the rear part of the box as well as separators that can be broken out at a later date for connecting devices in combinations.<\/p>\n<p>Quick and easy installation on the opposing formwork, without support element and abutment<br \/>\nSpacers to the side formwork ensure full circulation of the concrete and allow exposed concrete installations in passage and edge areas<br \/>\nSuitable for 20 - 60 mm concrete covers<br \/>\nInnovative conduit entries with diaMeters of 25\/32 mm and 20\/25 mm, for quick fitting on the construction site<br \/>\nInsertion options up to 25 mm diameter on the rear base of the box<br \/>\nEasy manual assembly<br \/>\nSturdy signal bristle and bold colouring for easy retrieval in the concrete surface<br \/>\nLarge inlay and installation clearance<br \/>\nEasy installation of pre-wired installation accessories in multiple combinations using a bridge that can be broken off afterwards<\/p>\n<p><a href=\"https:\/\/www.kaiser-elektro.de\/en_DE\/redirect\/article-plain\/identifier\/1211-02\" target=\"_blank\" rel=\"noopener\">Vair\u0101k inform\u0101cijas<\/a><\/p>\n<p>Datu lapa:<br \/>\n<a href=\"https:\/\/www.kaiser-elektro.de\/en_DE\/redirect\/datasheet\/identifier\/1211-02\" target=\"_blank\" rel=\"noopener\">Skat\u012bt<\/a><\/p>\n<p>Sertifik\u0101ts:<br \/>\n<a href=\"https:\/\/assets.kaiser-elektro.de\/media\/16\/16922\/KAISER_Zertifikat_Schallschutzgutachten_Betonbauprogramm_2023_DE.pdf\" target=\"_blank\" rel=\"noopener\">Concrete construction boxes &#8211; Sound insulation certificate<\/a><\/p>\n<p><a href=\"https:\/\/www.youtube.com\/watch?v=dBCCR5NaQGs\" target=\"_blank\" rel=\"noopener\">Video<\/a><\/p>","protected":false},"excerpt":{"rendered":"<p>Prefix\u00ae concrete construction box for fixing to the reinforcement The new Prefix\u00ae concrete construction boxes, in addition to the proven<\/p>","protected":false},"featured_media":17192,"template":"","meta":[],"product_brand":[],"product_cat":[787],"product_tag":[],"class_list":{"0":"post-17192","1":"product","2":"type-product","3":"status-publish","4":"has-post-thumbnail","6":"product_cat-concrete-systems","8":"first","9":"outofstock","10":"taxable","11":"shipping-taxable","12":"purchasable","13":"product-type-simple"},"_links":{"self":[{"href":"https:\/\/shop.vallin.lv\/lv\/wp-json\/wp\/v2\/product\/17192","targetHints":{"allow":["GET"]}}],"collection":[{"href":"https:\/\/shop.vallin.lv\/lv\/wp-json\/wp\/v2\/product"}],"about":[{"href":"https:\/\/shop.vallin.lv\/lv\/wp-json\/wp\/v2\/types\/product"}],"version-history":[{"count":6,"href":"https:\/\/shop.vallin.lv\/lv\/wp-json\/wp\/v2\/product\/17192\/revisions"}],"predecessor-version":[{"id":67781,"href":"https:\/\/shop.vallin.lv\/lv\/wp-json\/wp\/v2\/product\/17192\/revisions\/67781"}],"wp:featuredmedia":[{"embeddable":true,"href":"https:\/\/shop.vallin.lv\/lv\/wp-json\/wp\/v2\/product\/17192"}],"wp:attachment":[{"href":"https:\/\/shop.vallin.lv\/lv\/wp-json\/wp\/v2\/media?parent=17192"}],"wp:term":[{"taxonomy":"product_brand","embeddable":true,"href":"https:\/\/shop.vallin.lv\/lv\/wp-json\/wp\/v2\/product_brand?post=17192"},{"taxonomy":"product_cat","embeddable":true,"href":"https:\/\/shop.vallin.lv\/lv\/wp-json\/wp\/v2\/product_cat?post=17192"},{"taxonomy":"product_tag","embeddable":true,"href":"https:\/\/shop.vallin.lv\/lv\/wp-json\/wp\/v2\/product_tag?post=17192"}],"curies":[{"name":"wp","href":"https:\/\/api.w.org\/{rel}","templated":true}]}}