{"id":17181,"date":"2025-12-02T16:30:19","date_gmt":"2025-12-02T14:30:19","guid":{"rendered":"https:\/\/shop.vallin.lv\/product\/tool-stripping-pliers-amz-2-knife-for-longitudinal-cut-cable-from-3-x-1-5-mm%c2%b2-5-x-2-5-mm%c2%b2\/"},"modified":"2026-04-16T13:24:14","modified_gmt":"2026-04-16T11:24:14","slug":"tool-stripping-pliers-amz-2-knife-for-longitudinal-cut-cable-from-3-x-1-5-mm%c2%b2-5-x-2-5-mm%c2%b2","status":"publish","type":"product","link":"https:\/\/shop.vallin.lv\/lv\/products\/tool-stripping-pliers-amz-2-knife-for-longitudinal-cut-cable-from-3-x-1-5-mm%c2%b2-5-x-2-5-mm%c2%b2\/","title":{"rendered":"Vadu atv\u0101ko\u0161anas knaibles AMZ 2 ar nazi gareniska griezuma veik\u0161anai kabe\u013ciem no 3 x 1,5 mm\u00b2 l\u012bdz 5 x 2,5 mm\u00b2"},"content":{"rendered":"<p>AMZ 2 stripping pliers<br \/>\nfor longer cables: integrated knife for longitudinal cutting<br \/>\nergonomic design - easy-to-use<br \/>\nhardened and polished cutting knife<\/p>\n<p><a href=\"https:\/\/www.kaiser-elektro.de\/en_DE\/redirect\/article-plain\/identifier\/1190-02\" target=\"_blank\" rel=\"noopener\">Vair\u0101k inform\u0101cijas<\/a><\/p>\n<p>Datu lapa:<br \/>\n<a href=\"https:\/\/www.kaiser-elektro.de\/en_DE\/redirect\/datasheet\/identifier\/1190-02\" target=\"_blank\" rel=\"noopener\">Skat\u012bt<\/a><\/p>","protected":false},"excerpt":{"rendered":"<p>AMZ 2 stripping pliers for longer cables: integrated knife for longitudinal cutting ergonomic design &#8211; easy-to-use hardened and polished cutting<\/p>","protected":false},"featured_media":17181,"template":"","meta":[],"product_brand":[],"product_cat":[789],"product_tag":[],"class_list":{"0":"post-17181","1":"product","2":"type-product","3":"status-publish","4":"has-post-thumbnail","6":"product_cat-tools","8":"first","9":"instock","10":"taxable","11":"shipping-taxable","12":"purchasable","13":"product-type-simple"},"_links":{"self":[{"href":"https:\/\/shop.vallin.lv\/lv\/wp-json\/wp\/v2\/product\/17181","targetHints":{"allow":["GET"]}}],"collection":[{"href":"https:\/\/shop.vallin.lv\/lv\/wp-json\/wp\/v2\/product"}],"about":[{"href":"https:\/\/shop.vallin.lv\/lv\/wp-json\/wp\/v2\/types\/product"}],"version-history":[{"count":5,"href":"https:\/\/shop.vallin.lv\/lv\/wp-json\/wp\/v2\/product\/17181\/revisions"}],"predecessor-version":[{"id":67770,"href":"https:\/\/shop.vallin.lv\/lv\/wp-json\/wp\/v2\/product\/17181\/revisions\/67770"}],"wp:featuredmedia":[{"embeddable":true,"href":"https:\/\/shop.vallin.lv\/lv\/wp-json\/wp\/v2\/product\/17181"}],"wp:attachment":[{"href":"https:\/\/shop.vallin.lv\/lv\/wp-json\/wp\/v2\/media?parent=17181"}],"wp:term":[{"taxonomy":"product_brand","embeddable":true,"href":"https:\/\/shop.vallin.lv\/lv\/wp-json\/wp\/v2\/product_brand?post=17181"},{"taxonomy":"product_cat","embeddable":true,"href":"https:\/\/shop.vallin.lv\/lv\/wp-json\/wp\/v2\/product_cat?post=17181"},{"taxonomy":"product_tag","embeddable":true,"href":"https:\/\/shop.vallin.lv\/lv\/wp-json\/wp\/v2\/product_tag?post=17181"}],"curies":[{"name":"wp","href":"https:\/\/api.w.org\/{rel}","templated":true}]}}