{"id":17176,"date":"2025-12-02T16:30:09","date_gmt":"2025-12-02T14:30:09","guid":{"rendered":"https:\/\/shop.vallin.lv\/product\/flush-mounted-signal-cover-up1-two-gang-junction-box-1656-26\/"},"modified":"2026-04-16T13:25:50","modified_gmt":"2026-04-16T11:25:50","slug":"flush-mounted-signal-cover-up1-two-gang-junction-box-1656-26","status":"publish","type":"product","link":"https:\/\/shop.vallin.lv\/lv\/products\/flush-mounted-signal-cover-up1-two-gang-junction-box-1656-26\/","title":{"rendered":"Ieb\u016bv\u0113jamais sign\u0101la v\u0101ks UP1 divviet\u012bgai savienojuma k\u0101rbai 1656-26"},"content":{"rendered":"<p>Signal cover UP\u00b9<br \/>\nThe signal cover for the new UP\u00b9 flush mounting boxes protects the inside of the box and the screw domes during plastering, while the tried-and-tested signal bristles make it easier to find them after plastering. The soft signal bristles gently wrap around and prevent splashing when cleaning.<\/p>\n<p>Protects interior of box, screwing dome and screw heads when plastering<br \/>\nSignal bristles facilitate finding after plastering<br \/>\nSoft signal bristles gently wrap around and prevent splashing when plastering<br \/>\nReusable<\/p>\n<p><a href=\"https:\/\/www.kaiser-elektro.de\/en_DE\/redirect\/article-plain\/identifier\/1181-16\" target=\"_blank\" rel=\"noopener\">Vair\u0101k inform\u0101cijas<\/a><\/p>\n<p>Datu lapa:<br \/>\n<a href=\"https:\/\/www.kaiser-elektro.de\/en_DE\/redirect\/datasheet\/identifier\/1181-16\" target=\"_blank\" rel=\"noopener\">Skat\u012bt<\/a><\/p>\n<p><a href=\"https:\/\/www.youtube.com\/watch?v=0q2C4IzGPIc\" target=\"_blank\" rel=\"noopener\">Video<\/a><\/p>","protected":false},"excerpt":{"rendered":"<p>Signal cover UP\u00b9 The signal cover for the new UP\u00b9 flush mounting boxes protects the inside of the box and<\/p>","protected":false},"featured_media":17176,"template":"","meta":[],"product_brand":[],"product_cat":[788],"product_tag":[],"class_list":{"0":"post-17176","1":"product","2":"type-product","3":"status-publish","4":"has-post-thumbnail","6":"product_cat-accessories-installation-boxes-and-systems","8":"first","9":"outofstock","10":"taxable","11":"shipping-taxable","12":"purchasable","13":"product-type-simple"},"_links":{"self":[{"href":"https:\/\/shop.vallin.lv\/lv\/wp-json\/wp\/v2\/product\/17176","targetHints":{"allow":["GET"]}}],"collection":[{"href":"https:\/\/shop.vallin.lv\/lv\/wp-json\/wp\/v2\/product"}],"about":[{"href":"https:\/\/shop.vallin.lv\/lv\/wp-json\/wp\/v2\/types\/product"}],"version-history":[{"count":5,"href":"https:\/\/shop.vallin.lv\/lv\/wp-json\/wp\/v2\/product\/17176\/revisions"}],"predecessor-version":[{"id":67765,"href":"https:\/\/shop.vallin.lv\/lv\/wp-json\/wp\/v2\/product\/17176\/revisions\/67765"}],"wp:featuredmedia":[{"embeddable":true,"href":"https:\/\/shop.vallin.lv\/lv\/wp-json\/wp\/v2\/product\/17176"}],"wp:attachment":[{"href":"https:\/\/shop.vallin.lv\/lv\/wp-json\/wp\/v2\/media?parent=17176"}],"wp:term":[{"taxonomy":"product_brand","embeddable":true,"href":"https:\/\/shop.vallin.lv\/lv\/wp-json\/wp\/v2\/product_brand?post=17176"},{"taxonomy":"product_cat","embeddable":true,"href":"https:\/\/shop.vallin.lv\/lv\/wp-json\/wp\/v2\/product_cat?post=17176"},{"taxonomy":"product_tag","embeddable":true,"href":"https:\/\/shop.vallin.lv\/lv\/wp-json\/wp\/v2\/product_tag?post=17176"}],"curies":[{"name":"wp","href":"https:\/\/api.w.org\/{rel}","templated":true}]}}