{"id":17173,"date":"2025-12-02T16:30:02","date_gmt":"2025-12-02T14:30:02","guid":{"rendered":"https:\/\/shop.vallin.lv\/product\/flush-mounting-wall-groove-clip-20-to-60-mm\/"},"modified":"2026-04-16T13:25:49","modified_gmt":"2026-04-16T11:25:49","slug":"flush-mounting-wall-groove-clip-20-to-60-mm","status":"publish","type":"product","link":"https:\/\/shop.vallin.lv\/lv\/products\/flush-mounting-wall-groove-clip-20-to-60-mm\/","title":{"rendered":"Ieb\u016bv\u0113jamais sienas kan\u0101la stiprin\u0101jums 20\u201360 mm"},"content":{"rendered":"<p>Wall groove clip<br \/>\nFor laying cables or conduits without plaster<br \/>\nQuick fixation in wall grooves from 20 to 55 mm<br \/>\nReduction of assembly time<br \/>\nNo damage to the cables<br \/>\nOptional: use of steel nails \u00d8 3 mm<\/p>\n<p><a href=\"https:\/\/www.kaiser-elektro.de\/en_DE\/redirect\/article-plain\/identifier\/1159-95\" target=\"_blank\" rel=\"noopener\">Vair\u0101k inform\u0101cijas<\/a><\/p>\n<p>Datu lapa:<br \/>\n<a href=\"https:\/\/www.kaiser-elektro.de\/en_DE\/redirect\/datasheet\/identifier\/1159-95\" target=\"_blank\" rel=\"noopener\">Skat\u012bt<\/a><\/p>","protected":false},"excerpt":{"rendered":"<p>Wall groove clip For laying cables or conduits without plaster Quick fixation in wall grooves from 20 to 55 mm<\/p>","protected":false},"featured_media":17173,"template":"","meta":[],"product_brand":[],"product_cat":[788],"product_tag":[],"class_list":{"0":"post-17173","1":"product","2":"type-product","3":"status-publish","4":"has-post-thumbnail","6":"product_cat-accessories-installation-boxes-and-systems","8":"first","9":"outofstock","10":"taxable","11":"shipping-taxable","12":"purchasable","13":"product-type-simple"},"_links":{"self":[{"href":"https:\/\/shop.vallin.lv\/lv\/wp-json\/wp\/v2\/product\/17173","targetHints":{"allow":["GET"]}}],"collection":[{"href":"https:\/\/shop.vallin.lv\/lv\/wp-json\/wp\/v2\/product"}],"about":[{"href":"https:\/\/shop.vallin.lv\/lv\/wp-json\/wp\/v2\/types\/product"}],"version-history":[{"count":5,"href":"https:\/\/shop.vallin.lv\/lv\/wp-json\/wp\/v2\/product\/17173\/revisions"}],"predecessor-version":[{"id":67762,"href":"https:\/\/shop.vallin.lv\/lv\/wp-json\/wp\/v2\/product\/17173\/revisions\/67762"}],"wp:featuredmedia":[{"embeddable":true,"href":"https:\/\/shop.vallin.lv\/lv\/wp-json\/wp\/v2\/product\/17173"}],"wp:attachment":[{"href":"https:\/\/shop.vallin.lv\/lv\/wp-json\/wp\/v2\/media?parent=17173"}],"wp:term":[{"taxonomy":"product_brand","embeddable":true,"href":"https:\/\/shop.vallin.lv\/lv\/wp-json\/wp\/v2\/product_brand?post=17173"},{"taxonomy":"product_cat","embeddable":true,"href":"https:\/\/shop.vallin.lv\/lv\/wp-json\/wp\/v2\/product_cat?post=17173"},{"taxonomy":"product_tag","embeddable":true,"href":"https:\/\/shop.vallin.lv\/lv\/wp-json\/wp\/v2\/product_tag?post=17173"}],"curies":[{"name":"wp","href":"https:\/\/api.w.org\/{rel}","templated":true}]}}