{"id":17172,"date":"2025-12-02T16:30:00","date_gmt":"2025-12-02T14:30:00","guid":{"rendered":"https:\/\/shop.vallin.lv\/product\/installation-housing-thermox-iso-thermal-insulation-thicknesses-100-160mm-for-luminaires-co-up-to-o-86-mm\/"},"modified":"2026-04-20T15:01:22","modified_gmt":"2026-04-20T13:01:22","slug":"installation-housing-thermox-iso-thermal-insulation-thicknesses-100-160mm-for-luminaires-co-up-to-o-86-mm","status":"publish","type":"product","link":"https:\/\/shop.vallin.lv\/lv\/products\/installation-housing-thermox-iso-thermal-insulation-thicknesses-100-160mm-for-luminaires-co-up-to-o-86-mm\/","title":{"rendered":"Uzst\u0101d\u012b\u0161anas k\u0101rba ThermoX\u00ae Iso+, izol\u0101cijas biezums 100\u2013160 mm gaismek\u013ciem CO l\u012bdz \u00d8 86 mm"},"content":{"rendered":"<p>Installation housing ThermoX\u00ae Iso +<br \/>\nInstallation housing for the secure and heat-bridge-free installation of rigid and swivelling built-in LED luminaires or other installation accessories in insulated ceilings. The housing protects the surrounding insulation material against the high operating temperatures of the LED luminaire and protects the LED luminaire itself against dirt. The integrated insulation element reliably prevents heat bridges.<\/p>\n<p>For the installation of luminaires and installation accessories in insulated ceilings<br \/>\nSuitable for all standard insulation materials<br \/>\nThermically-protected installation space<br \/>\nThe integrated insulation element prevents heat bridges<br \/>\nFor insulation thicknesses from 100 mm to 160 mm (170 mm to 350 mm with extension element)<br \/>\nAdjustment to the insulation thickness in 10 mm steps<br \/>\nInstallation diameter up to \u00f8 86 mm<\/p>\n<p><a href=\"https:\/\/www.kaiser-elektro.de\/en_DE\/redirect\/article-plain\/identifier\/1159-70\" target=\"_blank\" rel=\"noopener\">Vair\u0101k inform\u0101cijas<\/a><\/p>\n<p>Datu lapa:<br \/>\n<a href=\"https:\/\/www.kaiser-elektro.de\/en_DE\/redirect\/datasheet\/identifier\/1159-70\" target=\"_blank\" rel=\"noopener\">Skat\u012bt<\/a><\/p>","protected":false},"excerpt":{"rendered":"<p>Installation housing ThermoX\u00ae Iso + Installation housing for the secure and heat-bridge-free installation of rigid and swivelling built-in LED luminaires<\/p>","protected":false},"featured_media":17172,"template":"","meta":[],"product_brand":[],"product_cat":[788],"product_tag":[],"class_list":{"0":"post-17172","1":"product","2":"type-product","3":"status-publish","4":"has-post-thumbnail","6":"product_cat-accessories-installation-boxes-and-systems","8":"first","9":"instock","10":"taxable","11":"shipping-taxable","12":"purchasable","13":"product-type-simple"},"_links":{"self":[{"href":"https:\/\/shop.vallin.lv\/lv\/wp-json\/wp\/v2\/product\/17172","targetHints":{"allow":["GET"]}}],"collection":[{"href":"https:\/\/shop.vallin.lv\/lv\/wp-json\/wp\/v2\/product"}],"about":[{"href":"https:\/\/shop.vallin.lv\/lv\/wp-json\/wp\/v2\/types\/product"}],"version-history":[{"count":5,"href":"https:\/\/shop.vallin.lv\/lv\/wp-json\/wp\/v2\/product\/17172\/revisions"}],"predecessor-version":[{"id":67761,"href":"https:\/\/shop.vallin.lv\/lv\/wp-json\/wp\/v2\/product\/17172\/revisions\/67761"}],"wp:featuredmedia":[{"embeddable":true,"href":"https:\/\/shop.vallin.lv\/lv\/wp-json\/wp\/v2\/product\/17172"}],"wp:attachment":[{"href":"https:\/\/shop.vallin.lv\/lv\/wp-json\/wp\/v2\/media?parent=17172"}],"wp:term":[{"taxonomy":"product_brand","embeddable":true,"href":"https:\/\/shop.vallin.lv\/lv\/wp-json\/wp\/v2\/product_brand?post=17172"},{"taxonomy":"product_cat","embeddable":true,"href":"https:\/\/shop.vallin.lv\/lv\/wp-json\/wp\/v2\/product_cat?post=17172"},{"taxonomy":"product_tag","embeddable":true,"href":"https:\/\/shop.vallin.lv\/lv\/wp-json\/wp\/v2\/product_tag?post=17172"}],"curies":[{"name":"wp","href":"https:\/\/api.w.org\/{rel}","templated":true}]}}