{"id":17169,"date":"2025-12-02T16:29:55","date_gmt":"2025-12-02T14:29:55","guid":{"rendered":"https:\/\/shop.vallin.lv\/product\/mini-equipment-carrier-with-4-swivels-2-ribs\/"},"modified":"2026-04-16T13:25:34","modified_gmt":"2026-04-16T11:25:34","slug":"mini-equipment-carrier-with-4-swivels-2-ribs","status":"publish","type":"product","link":"https:\/\/shop.vallin.lv\/lv\/products\/mini-equipment-carrier-with-4-swivels-2-ribs\/","title":{"rendered":"Mini apr\u012bkojuma tur\u0113t\u0101js ar 4 \u0161arn\u012briem, 2 rib\u0101m"},"content":{"rendered":"<p>Mini equipment carrier<br \/>\nMini equipment carrier for later attachment of a variety of accessories to insulated and already plastered composite thermal insulation systems (ETICS). Luminaires, motion detectors, external sensors etc. can be permanently attached easily, quickly, securely and without creating heat bridges.<\/p>\n<p>For retrofitting in insulated facades<br \/>\nExact flush aligning of attachment devices<br \/>\nGuarantees installation without heat bridges<br \/>\n4 swivels for secure anchoring<br \/>\nNo moisture penetration<\/p>\n<p><a href=\"https:\/\/www.kaiser-elektro.de\/en_DE\/redirect\/article-plain\/identifier\/1159-50\" target=\"_blank\" rel=\"noopener\">Vair\u0101k inform\u0101cijas<\/a><\/p>\n<p>Datu lapa:<br \/>\n<a href=\"https:\/\/www.kaiser-elektro.de\/en_DE\/redirect\/datasheet\/identifier\/1159-50\" target=\"_blank\" rel=\"noopener\">Skat\u012bt<\/a><\/p>\n<p>Sertifik\u0101ts:<br \/>\n<a href=\"https:\/\/assets.kaiser-elektro.de\/media\/19\/19070\/KAISER_Zertifikat_1555-51_1159-50_Waermebrueckenberechnung_EN.pdf\" target=\"_blank\" rel=\"noopener\">Heat bridge calculation &#8211; Test report<\/a><\/p>","protected":false},"excerpt":{"rendered":"<p>Mini equipment carrier Mini equipment carrier for later attachment of a variety of accessories to insulated and already plastered composite<\/p>","protected":false},"featured_media":17169,"template":"","meta":[],"product_brand":[],"product_cat":[788],"product_tag":[],"class_list":{"0":"post-17169","1":"product","2":"type-product","3":"status-publish","4":"has-post-thumbnail","6":"product_cat-accessories-installation-boxes-and-systems","8":"first","9":"instock","10":"taxable","11":"shipping-taxable","12":"purchasable","13":"product-type-simple"},"_links":{"self":[{"href":"https:\/\/shop.vallin.lv\/lv\/wp-json\/wp\/v2\/product\/17169","targetHints":{"allow":["GET"]}}],"collection":[{"href":"https:\/\/shop.vallin.lv\/lv\/wp-json\/wp\/v2\/product"}],"about":[{"href":"https:\/\/shop.vallin.lv\/lv\/wp-json\/wp\/v2\/types\/product"}],"version-history":[{"count":5,"href":"https:\/\/shop.vallin.lv\/lv\/wp-json\/wp\/v2\/product\/17169\/revisions"}],"predecessor-version":[{"id":67758,"href":"https:\/\/shop.vallin.lv\/lv\/wp-json\/wp\/v2\/product\/17169\/revisions\/67758"}],"wp:featuredmedia":[{"embeddable":true,"href":"https:\/\/shop.vallin.lv\/lv\/wp-json\/wp\/v2\/product\/17169"}],"wp:attachment":[{"href":"https:\/\/shop.vallin.lv\/lv\/wp-json\/wp\/v2\/media?parent=17169"}],"wp:term":[{"taxonomy":"product_brand","embeddable":true,"href":"https:\/\/shop.vallin.lv\/lv\/wp-json\/wp\/v2\/product_brand?post=17169"},{"taxonomy":"product_cat","embeddable":true,"href":"https:\/\/shop.vallin.lv\/lv\/wp-json\/wp\/v2\/product_cat?post=17169"},{"taxonomy":"product_tag","embeddable":true,"href":"https:\/\/shop.vallin.lv\/lv\/wp-json\/wp\/v2\/product_tag?post=17169"}],"curies":[{"name":"wp","href":"https:\/\/api.w.org\/{rel}","templated":true}]}}