{"id":17166,"date":"2025-12-02T16:29:49","date_gmt":"2025-12-02T14:29:49","guid":{"rendered":"https:\/\/shop.vallin.lv\/product\/flush-mounting-klemmfix-for-all-stones-for-one-gang-and-one-gang-junction-boxes\/"},"modified":"2026-05-07T15:55:47","modified_gmt":"2026-05-07T13:55:47","slug":"flush-mounting-klemmfix-for-all-stones-for-one-gang-and-one-gang-junction-boxes","status":"publish","type":"product","link":"https:\/\/shop.vallin.lv\/lv\/products\/flush-mounting-klemmfix-for-all-stones-for-one-gang-and-one-gang-junction-boxes\/","title":{"rendered":"Ieb\u016bv\u0113jam\u0101 KLEMMFIX\u00ae vis\u0101m \u0137ie\u0123e\u013cu sien\u0101m vienviet\u012bgaj\u0101m un vienviet\u012bgaj\u0101m savienojuma k\u0101rb\u0101m"},"content":{"rendered":"<p>Plaster-free installation with KLEMMFIX\u00ae<br \/>\nThe KLEMMFIX\u00ae system saves up to 50% installation time compared to the conventional installation of flush-mounting boxes with plaster. KLEMMFIX\u00ae fixes the box securely in the wall before plastering and holds it in position. No plaster, quick cement or similar is required. You no longer need to clean your tools after use. The possible health hazard caused by the use of chemicals is avoided. Storage conditions such as frost, heat, shelf life, etc. do not have to be taken into account either.<\/p>\n<p>For fitting boxes without plaster<br \/>\nFor all common bricks such as lime sand brick, cellular concrete, lightweight concrete, vertically perforated bricks with and without filling<br \/>\nSecure, clean and time-saving<br \/>\nAlignment and secure mounting even before plastering<br \/>\nCan also be used at sub-zero temperatures<br \/>\nBy plastering the wall and allowing the plaster to penetrate into the lamella ring around the box, the box is finally and permanently fixed.<br \/>\nNot applicable when using clay or thin plaster<\/p>\n<p><a href=\"https:\/\/www.kaiser-elektro.de\/en_DE\/redirect\/article-plain\/identifier\/1159-03\" target=\"_blank\" rel=\"noopener\">Vair\u0101k inform\u0101cijas<\/a><\/p>\n<p>Datu lapa:<br \/>\n<a href=\"https:\/\/www.kaiser-elektro.de\/en_DE\/redirect\/datasheet\/identifier\/1159-03\" target=\"_blank\" rel=\"noopener\">Skat\u012bt<\/a><\/p>","protected":false},"excerpt":{"rendered":"<p>Plaster-free installation with KLEMMFIX\u00ae The KLEMMFIX\u00ae system saves up to 50% installation time compared to the conventional installation of flush-mounting<\/p>","protected":false},"featured_media":17166,"template":"","meta":[],"product_brand":[],"product_cat":[784],"product_tag":[],"class_list":{"0":"post-17166","1":"product","2":"type-product","3":"status-publish","4":"has-post-thumbnail","6":"product_cat-boxes-for-concrete-walls","8":"first","9":"instock","10":"taxable","11":"shipping-taxable","12":"purchasable","13":"product-type-simple"},"_links":{"self":[{"href":"https:\/\/shop.vallin.lv\/lv\/wp-json\/wp\/v2\/product\/17166","targetHints":{"allow":["GET"]}}],"collection":[{"href":"https:\/\/shop.vallin.lv\/lv\/wp-json\/wp\/v2\/product"}],"about":[{"href":"https:\/\/shop.vallin.lv\/lv\/wp-json\/wp\/v2\/types\/product"}],"version-history":[{"count":5,"href":"https:\/\/shop.vallin.lv\/lv\/wp-json\/wp\/v2\/product\/17166\/revisions"}],"predecessor-version":[{"id":67753,"href":"https:\/\/shop.vallin.lv\/lv\/wp-json\/wp\/v2\/product\/17166\/revisions\/67753"}],"wp:featuredmedia":[{"embeddable":true,"href":"https:\/\/shop.vallin.lv\/lv\/wp-json\/wp\/v2\/product\/17166"}],"wp:attachment":[{"href":"https:\/\/shop.vallin.lv\/lv\/wp-json\/wp\/v2\/media?parent=17166"}],"wp:term":[{"taxonomy":"product_brand","embeddable":true,"href":"https:\/\/shop.vallin.lv\/lv\/wp-json\/wp\/v2\/product_brand?post=17166"},{"taxonomy":"product_cat","embeddable":true,"href":"https:\/\/shop.vallin.lv\/lv\/wp-json\/wp\/v2\/product_cat?post=17166"},{"taxonomy":"product_tag","embeddable":true,"href":"https:\/\/shop.vallin.lv\/lv\/wp-json\/wp\/v2\/product_tag?post=17166"}],"curies":[{"name":"wp","href":"https:\/\/api.w.org\/{rel}","templated":true}]}}