{"id":17157,"date":"2025-12-02T16:29:34","date_gmt":"2025-12-02T14:29:34","guid":{"rendered":"https:\/\/shop.vallin.lv\/product\/flush-mounting-junction-casing-240-x-142-x-87-mm-halogen-free-with-cover-with-device-screws\/"},"modified":"2026-04-16T13:25:49","modified_gmt":"2026-04-16T11:25:49","slug":"flush-mounting-junction-casing-240-x-142-x-87-mm-halogen-free-with-cover-with-device-screws","status":"publish","type":"product","link":"https:\/\/shop.vallin.lv\/lv\/products\/flush-mounting-junction-casing-240-x-142-x-87-mm-halogen-free-with-cover-with-device-screws\/","title":{"rendered":"Ieb\u016bv\u0113jam\u0101 savienojuma k\u0101rba 240 x 142 x 87 mm, bez halog\u0113niem, ar v\u0101ku un ier\u012bces skr\u016bv\u0113m"},"content":{"rendered":"<p>Junction casings<br \/>\nFlush-mounting junction casings in all sizes and for almost any kind of jobs. This programme features practical housing sizes as well as robust housing design perfect for building sites.<\/p>\n<p>As central junction casings for star-shaped cable laying<br \/>\nEasy to rewire when changing the way rooms are used<br \/>\nWith separator walls to separate electrical circuits<br \/>\nFor installation of DIN terminal strips, TS 35 standard rails for terminal blocks, LSA+ terminal strips and much more<br \/>\nEnd cover with screw fastening for VDE-compliant installation<\/p>\n<p><a href=\"https:\/\/www.kaiser-elektro.de\/en_DE\/redirect\/article-plain\/identifier\/1092-90\" target=\"_blank\" rel=\"noopener\">Vair\u0101k inform\u0101cijas<\/a><\/p>\n<p>Datu lapa:<br \/>\n<a href=\"https:\/\/www.kaiser-elektro.de\/en_DE\/redirect\/datasheet\/identifier\/1092-90\" target=\"_blank\" rel=\"noopener\">Skat\u012bt<\/a><\/p>","protected":false},"excerpt":{"rendered":"<p>Junction casings Flush-mounting junction casings in all sizes and for almost any kind of jobs. This programme features practical housing<\/p>","protected":false},"featured_media":17157,"template":"","meta":[],"product_brand":[],"product_cat":[784],"product_tag":[],"class_list":{"0":"post-17157","1":"product","2":"type-product","3":"status-publish","4":"has-post-thumbnail","6":"product_cat-boxes-for-concrete-walls","8":"first","9":"outofstock","10":"taxable","11":"shipping-taxable","12":"purchasable","13":"product-type-simple"},"_links":{"self":[{"href":"https:\/\/shop.vallin.lv\/lv\/wp-json\/wp\/v2\/product\/17157","targetHints":{"allow":["GET"]}}],"collection":[{"href":"https:\/\/shop.vallin.lv\/lv\/wp-json\/wp\/v2\/product"}],"about":[{"href":"https:\/\/shop.vallin.lv\/lv\/wp-json\/wp\/v2\/types\/product"}],"version-history":[{"count":5,"href":"https:\/\/shop.vallin.lv\/lv\/wp-json\/wp\/v2\/product\/17157\/revisions"}],"predecessor-version":[{"id":67744,"href":"https:\/\/shop.vallin.lv\/lv\/wp-json\/wp\/v2\/product\/17157\/revisions\/67744"}],"wp:featuredmedia":[{"embeddable":true,"href":"https:\/\/shop.vallin.lv\/lv\/wp-json\/wp\/v2\/product\/17157"}],"wp:attachment":[{"href":"https:\/\/shop.vallin.lv\/lv\/wp-json\/wp\/v2\/media?parent=17157"}],"wp:term":[{"taxonomy":"product_brand","embeddable":true,"href":"https:\/\/shop.vallin.lv\/lv\/wp-json\/wp\/v2\/product_brand?post=17157"},{"taxonomy":"product_cat","embeddable":true,"href":"https:\/\/shop.vallin.lv\/lv\/wp-json\/wp\/v2\/product_cat?post=17157"},{"taxonomy":"product_tag","embeddable":true,"href":"https:\/\/shop.vallin.lv\/lv\/wp-json\/wp\/v2\/product_tag?post=17157"}],"curies":[{"name":"wp","href":"https:\/\/api.w.org\/{rel}","templated":true}]}}