{"id":17156,"date":"2025-12-02T16:29:32","date_gmt":"2025-12-02T14:29:32","guid":{"rendered":"https:\/\/shop.vallin.lv\/product\/tool-centering-aid-o-68-mm-can-be-combined-for-71mm-stand-distance-for-hardened-metal-cutter-180\/"},"modified":"2026-05-07T15:55:46","modified_gmt":"2026-05-07T13:55:46","slug":"tool-centering-aid-o-68-mm-can-be-combined-for-71mm-stand-distance-for-hardened-metal-cutter-180","status":"publish","type":"product","link":"https:\/\/shop.vallin.lv\/lv\/products\/tool-centering-aid-o-68-mm-can-be-combined-for-71mm-stand-distance-for-hardened-metal-cutter-180\/","title":{"rendered":"R\u012bks, centr\u0113\u0161anas pal\u012bgs \u00d8 68 mm, var kombin\u0113t ar 71 mm standarta att\u0101lumu cietin\u0101ta met\u0101la griez\u0113jinstrumentu 180"},"content":{"rendered":"<p>SPECIAL cutter for insulating boards<br \/>\nRetrofitting electrical connections to an already completed, insulated facade is a challenge. The SPECIAL cutters can be used to create installation openings without weakening the external composite thermal insulation system, as insulation is only removed at certain points.<\/p>\n<p>with depth stop to prevent heat bridges<br \/>\nHardened metal teeth enable use even with plastering<br \/>\neasy removal of the drilled core<\/p>\n<p><a href=\"https:\/\/www.kaiser-elektro.de\/en_DE\/redirect\/article-plain\/identifier\/1090-68\" target=\"_blank\" rel=\"noopener\">Vair\u0101k inform\u0101cijas<\/a><\/p>\n<p>Datu lapa:<br \/>\n<a href=\"https:\/\/www.kaiser-elektro.de\/en_DE\/redirect\/datasheet\/identifier\/1090-68\" target=\"_blank\" rel=\"noopener\">Skat\u012bt<\/a><\/p>","protected":false},"excerpt":{"rendered":"<p>SPECIAL cutter for insulating boards Retrofitting electrical connections to an already completed, insulated facade is a challenge. The SPECIAL cutters<\/p>","protected":false},"featured_media":17156,"template":"","meta":[],"product_brand":[],"product_cat":[789],"product_tag":[],"class_list":{"0":"post-17156","1":"product","2":"type-product","3":"status-publish","4":"has-post-thumbnail","6":"product_cat-tools","8":"first","9":"instock","10":"taxable","11":"shipping-taxable","12":"purchasable","13":"product-type-simple"},"_links":{"self":[{"href":"https:\/\/shop.vallin.lv\/lv\/wp-json\/wp\/v2\/product\/17156","targetHints":{"allow":["GET"]}}],"collection":[{"href":"https:\/\/shop.vallin.lv\/lv\/wp-json\/wp\/v2\/product"}],"about":[{"href":"https:\/\/shop.vallin.lv\/lv\/wp-json\/wp\/v2\/types\/product"}],"version-history":[{"count":5,"href":"https:\/\/shop.vallin.lv\/lv\/wp-json\/wp\/v2\/product\/17156\/revisions"}],"predecessor-version":[{"id":67743,"href":"https:\/\/shop.vallin.lv\/lv\/wp-json\/wp\/v2\/product\/17156\/revisions\/67743"}],"wp:featuredmedia":[{"embeddable":true,"href":"https:\/\/shop.vallin.lv\/lv\/wp-json\/wp\/v2\/product\/17156"}],"wp:attachment":[{"href":"https:\/\/shop.vallin.lv\/lv\/wp-json\/wp\/v2\/media?parent=17156"}],"wp:term":[{"taxonomy":"product_brand","embeddable":true,"href":"https:\/\/shop.vallin.lv\/lv\/wp-json\/wp\/v2\/product_brand?post=17156"},{"taxonomy":"product_cat","embeddable":true,"href":"https:\/\/shop.vallin.lv\/lv\/wp-json\/wp\/v2\/product_cat?post=17156"},{"taxonomy":"product_tag","embeddable":true,"href":"https:\/\/shop.vallin.lv\/lv\/wp-json\/wp\/v2\/product_tag?post=17156"}],"curies":[{"name":"wp","href":"https:\/\/api.w.org\/{rel}","templated":true}]}}