{"id":17155,"date":"2025-12-02T16:29:30","date_gmt":"2025-12-02T14:29:30","guid":{"rendered":"https:\/\/shop.vallin.lv\/product\/tool-cavity-wall-boxes-template-standardised-comb-distance-71-91-mm\/"},"modified":"2026-04-16T13:24:37","modified_gmt":"2026-04-16T11:24:37","slug":"tool-cavity-wall-boxes-template-standardised-comb-distance-71-91-mm","status":"publish","type":"product","link":"https:\/\/shop.vallin.lv\/lv\/products\/tool-cavity-wall-boxes-template-standardised-comb-distance-71-91-mm\/","title":{"rendered":"R\u012bks dob\u0101s sienas k\u0101rbu veidne, standartiz\u0113ta att\u0101luma 71\/91 mm"},"content":{"rendered":"<p>Cavity wall box template for marking cutting-out distances for boxes combinations<br \/>\nstandard combination distance 71 mm to German DIN 49 075 as well as 91 mm distance for separate covers for low-voltage equipment<\/p>\n<p><a href=\"https:\/\/www.kaiser-elektro.de\/en_DE\/redirect\/article-plain\/identifier\/1085-99\" target=\"_blank\" rel=\"noopener\">Vair\u0101k inform\u0101cijas<\/a><\/p>\n<p>Datu lapa:<br \/>\n<a href=\"https:\/\/www.kaiser-elektro.de\/en_DE\/redirect\/datasheet\/identifier\/1085-99\" target=\"_blank\" rel=\"noopener\">Skat\u012bt<\/a><\/p>","protected":false},"excerpt":{"rendered":"<p>Cavity wall box template for marking cutting-out distances for boxes combinations standard combination distance 71 mm to German DIN 49<\/p>","protected":false},"featured_media":17155,"template":"","meta":[],"product_brand":[],"product_cat":[789],"product_tag":[],"class_list":{"0":"post-17155","1":"product","2":"type-product","3":"status-publish","4":"has-post-thumbnail","6":"product_cat-tools","8":"first","9":"instock","10":"taxable","11":"shipping-taxable","12":"purchasable","13":"product-type-simple"},"_links":{"self":[{"href":"https:\/\/shop.vallin.lv\/lv\/wp-json\/wp\/v2\/product\/17155","targetHints":{"allow":["GET"]}}],"collection":[{"href":"https:\/\/shop.vallin.lv\/lv\/wp-json\/wp\/v2\/product"}],"about":[{"href":"https:\/\/shop.vallin.lv\/lv\/wp-json\/wp\/v2\/types\/product"}],"version-history":[{"count":5,"href":"https:\/\/shop.vallin.lv\/lv\/wp-json\/wp\/v2\/product\/17155\/revisions"}],"predecessor-version":[{"id":67742,"href":"https:\/\/shop.vallin.lv\/lv\/wp-json\/wp\/v2\/product\/17155\/revisions\/67742"}],"wp:featuredmedia":[{"embeddable":true,"href":"https:\/\/shop.vallin.lv\/lv\/wp-json\/wp\/v2\/product\/17155"}],"wp:attachment":[{"href":"https:\/\/shop.vallin.lv\/lv\/wp-json\/wp\/v2\/media?parent=17155"}],"wp:term":[{"taxonomy":"product_brand","embeddable":true,"href":"https:\/\/shop.vallin.lv\/lv\/wp-json\/wp\/v2\/product_brand?post=17155"},{"taxonomy":"product_cat","embeddable":true,"href":"https:\/\/shop.vallin.lv\/lv\/wp-json\/wp\/v2\/product_cat?post=17155"},{"taxonomy":"product_tag","embeddable":true,"href":"https:\/\/shop.vallin.lv\/lv\/wp-json\/wp\/v2\/product_tag?post=17155"}],"curies":[{"name":"wp","href":"https:\/\/api.w.org\/{rel}","templated":true}]}}