{"id":17154,"date":"2025-12-02T16:29:28","date_gmt":"2025-12-02T14:29:28","guid":{"rendered":"https:\/\/shop.vallin.lv\/product\/tool-quick-ejector-set-with-profi-cutting-head-o-68mm-acc-in-a-plastic-case\/"},"modified":"2026-04-16T13:24:24","modified_gmt":"2026-04-16T11:24:24","slug":"tool-quick-ejector-set-with-profi-cutting-head-o-68mm-acc-in-a-plastic-case","status":"publish","type":"product","link":"https:\/\/shop.vallin.lv\/lv\/products\/tool-quick-ejector-set-with-profi-cutting-head-o-68mm-acc-in-a-plastic-case\/","title":{"rendered":"R\u012bku komplekts \u0101trai izstum\u0161anai ar PROFI griez\u0113jinstrumenta galvu \u00d8 68 mm, komplekt\u0101 plastmasas futr\u0101l\u012b"},"content":{"rendered":"<p>Quick ejector for cavity wall cutter<br \/>\nThe quick ejector enables the drilled core to be ejected quickly and reliably using the safety push handle. The adapter allows different cutter heads to be mounted and easily changed depending on the application.<\/p>\n<p>Exact drilling due to advance drill<br \/>\nSolid and high-quality components ensure a long service life<br \/>\nSystem solution matched to the KAISER PROFI and EXPERT cavity wall cutters<\/p>\n<p><a href=\"https:\/\/www.kaiser-elektro.de\/en_DE\/redirect\/article-plain\/identifier\/1083-80\" target=\"_blank\" rel=\"noopener\">Vair\u0101k inform\u0101cijas<\/a><\/p>\n<p>Datu lapa:<br \/>\n<a href=\"https:\/\/www.kaiser-elektro.de\/en_DE\/redirect\/datasheet\/identifier\/1083-80\" target=\"_blank\" rel=\"noopener\">Skat\u012bt<\/a><\/p>\n<p><a href=\"https:\/\/www.youtube.com\/watch?v=6vLWgwhr8vI\" target=\"_blank\" rel=\"noopener\">Video<\/a><\/p>","protected":false},"excerpt":{"rendered":"<p>Quick ejector for cavity wall cutter The quick ejector enables the drilled core to be ejected quickly and reliably using<\/p>","protected":false},"featured_media":17154,"template":"","meta":[],"product_brand":[],"product_cat":[789],"product_tag":[],"class_list":{"0":"post-17154","1":"product","2":"type-product","3":"status-publish","4":"has-post-thumbnail","6":"product_cat-tools","8":"first","9":"outofstock","10":"taxable","11":"shipping-taxable","12":"purchasable","13":"product-type-simple"},"_links":{"self":[{"href":"https:\/\/shop.vallin.lv\/lv\/wp-json\/wp\/v2\/product\/17154","targetHints":{"allow":["GET"]}}],"collection":[{"href":"https:\/\/shop.vallin.lv\/lv\/wp-json\/wp\/v2\/product"}],"about":[{"href":"https:\/\/shop.vallin.lv\/lv\/wp-json\/wp\/v2\/types\/product"}],"version-history":[{"count":5,"href":"https:\/\/shop.vallin.lv\/lv\/wp-json\/wp\/v2\/product\/17154\/revisions"}],"predecessor-version":[{"id":67741,"href":"https:\/\/shop.vallin.lv\/lv\/wp-json\/wp\/v2\/product\/17154\/revisions\/67741"}],"wp:featuredmedia":[{"embeddable":true,"href":"https:\/\/shop.vallin.lv\/lv\/wp-json\/wp\/v2\/product\/17154"}],"wp:attachment":[{"href":"https:\/\/shop.vallin.lv\/lv\/wp-json\/wp\/v2\/media?parent=17154"}],"wp:term":[{"taxonomy":"product_brand","embeddable":true,"href":"https:\/\/shop.vallin.lv\/lv\/wp-json\/wp\/v2\/product_brand?post=17154"},{"taxonomy":"product_cat","embeddable":true,"href":"https:\/\/shop.vallin.lv\/lv\/wp-json\/wp\/v2\/product_cat?post=17154"},{"taxonomy":"product_tag","embeddable":true,"href":"https:\/\/shop.vallin.lv\/lv\/wp-json\/wp\/v2\/product_tag?post=17154"}],"curies":[{"name":"wp","href":"https:\/\/api.w.org\/{rel}","templated":true}]}}