{"id":17153,"date":"2025-12-02T16:29:27","date_gmt":"2025-12-02T14:29:27","guid":{"rendered":"https:\/\/shop.vallin.lv\/product\/tool-expert-hardened-metal-cutter-o-68mm-w-edge-countersink-holder-centr-drill-carbide-teeth\/"},"modified":"2026-04-16T13:24:45","modified_gmt":"2026-04-16T11:24:45","slug":"tool-expert-hardened-metal-cutter-o-68mm-w-edge-countersink-holder-centr-drill-carbide-teeth","status":"publish","type":"product","link":"https:\/\/shop.vallin.lv\/lv\/products\/tool-expert-hardened-metal-cutter-o-68mm-w-edge-countersink-holder-centr-drill-carbide-teeth\/","title":{"rendered":"R\u012bks EXPERT cietin\u0101ta met\u0101la griez\u0113jinstruments \u00d8 68 mm ar malaizliekumu, tur\u0113t\u0101ju, centr\u0113jo\u0161u urbjma\u0161\u012bnu, karb\u012bda zobi"},"content":{"rendered":"<p>EXPERT cutter<br \/>\nThe new EXPERT cutter is the ideal tool for creating installation openings in drywalls with increased requirements. Carbide teeth enable use in hard materials and guarantee maximum operating life. The high dimensional accuracy guarantees precise and professional installation of KAISER boxes.<\/p>\n<p>longest service life due to carbide teeth<br \/>\nFaster installation thanks to reliable drilled core ejection<br \/>\nWith holder, centring drill, countersink hole cutter and drilled core ejector<br \/>\nCutting diameter 68 mm and 74 mm<br \/>\nMultifunctional use in almost all board materials<br \/>\nUnique triangular-round cutter geometry for maximum hole precision<\/p>\n<p><a href=\"https:\/\/www.kaiser-elektro.de\/en_DE\/redirect\/article-plain\/identifier\/1082-30\" target=\"_blank\" rel=\"noopener\">Vair\u0101k inform\u0101cijas<\/a><\/p>\n<p>Datu lapa:<br \/>\n<a href=\"https:\/\/www.kaiser-elektro.de\/en_DE\/redirect\/datasheet\/identifier\/1082-30\" target=\"_blank\" rel=\"noopener\">Skat\u012bt<\/a><\/p>\n<p><a href=\"https:\/\/www.youtube.com\/watch?v=6vLWgwhr8vI\" target=\"_blank\" rel=\"noopener\">Video<\/a><\/p>","protected":false},"excerpt":{"rendered":"<p>EXPERT cutter The new EXPERT cutter is the ideal tool for creating installation openings in drywalls with increased requirements. Carbide<\/p>","protected":false},"featured_media":17153,"template":"","meta":[],"product_brand":[],"product_cat":[789],"product_tag":[],"class_list":{"0":"post-17153","1":"product","2":"type-product","3":"status-publish","4":"has-post-thumbnail","6":"product_cat-tools","8":"first","9":"outofstock","10":"taxable","11":"shipping-taxable","12":"purchasable","13":"product-type-simple"},"_links":{"self":[{"href":"https:\/\/shop.vallin.lv\/lv\/wp-json\/wp\/v2\/product\/17153","targetHints":{"allow":["GET"]}}],"collection":[{"href":"https:\/\/shop.vallin.lv\/lv\/wp-json\/wp\/v2\/product"}],"about":[{"href":"https:\/\/shop.vallin.lv\/lv\/wp-json\/wp\/v2\/types\/product"}],"version-history":[{"count":5,"href":"https:\/\/shop.vallin.lv\/lv\/wp-json\/wp\/v2\/product\/17153\/revisions"}],"predecessor-version":[{"id":67740,"href":"https:\/\/shop.vallin.lv\/lv\/wp-json\/wp\/v2\/product\/17153\/revisions\/67740"}],"wp:featuredmedia":[{"embeddable":true,"href":"https:\/\/shop.vallin.lv\/lv\/wp-json\/wp\/v2\/product\/17153"}],"wp:attachment":[{"href":"https:\/\/shop.vallin.lv\/lv\/wp-json\/wp\/v2\/media?parent=17153"}],"wp:term":[{"taxonomy":"product_brand","embeddable":true,"href":"https:\/\/shop.vallin.lv\/lv\/wp-json\/wp\/v2\/product_brand?post=17153"},{"taxonomy":"product_cat","embeddable":true,"href":"https:\/\/shop.vallin.lv\/lv\/wp-json\/wp\/v2\/product_cat?post=17153"},{"taxonomy":"product_tag","embeddable":true,"href":"https:\/\/shop.vallin.lv\/lv\/wp-json\/wp\/v2\/product_tag?post=17153"}],"curies":[{"name":"wp","href":"https:\/\/api.w.org\/{rel}","templated":true}]}}