{"id":17150,"date":"2025-12-02T16:29:22","date_gmt":"2025-12-02T14:29:22","guid":{"rendered":"https:\/\/shop.vallin.lv\/product\/flush-mountedelectron-box-up1-econfix-airtight-with-clamping-ribs-with-device-screw\/"},"modified":"2026-04-16T13:26:02","modified_gmt":"2026-04-16T11:26:02","slug":"flush-mountedelectron-box-up1-econfix-airtight-with-clamping-ribs-with-device-screw","status":"publish","type":"product","link":"https:\/\/shop.vallin.lv\/lv\/products\/flush-mountedelectron-box-up1-econfix-airtight-with-clamping-ribs-with-device-screw\/","title":{"rendered":"Ieb\u016bv\u0113jam\u0101 elektronikas k\u0101rba UP1 ECON\u00ae Fix, gaisa necaurlaid\u012bga, ar sp\u012b\u013cu rib\u0101m un ier\u012bces skr\u016bvi"},"content":{"rendered":"<p>UP\u00b9 ECON\u00ae electronics box and UP\u00b9 ECON\u00ae two-gang junction box<br \/>\nThe UP\u00b9 ECON\u00ae electronic socket and UP\u00b9 ECON\u00ae double one-gang junction box extend the new UP\u00b9 family. The UP\u00b9 ECON\u00ae electronics box provides a generously-sized accessory installation space and additional space for fitting small switch actuators, etc. The matching separator wall allows the standardised installation of bus and operating voltage in one box. The UP\u00b9 ECON\u00ae two-gang junction box makes it easier than ever to install special accessories. The large installation opening and the very large installation compartment make it possible to install block and pre-wired accessories, and they create space for the assembly of cables for multi-media connections.<\/p>\n<p>With quick fixing for installation without plaster<br \/>\nElastic sealing membrane for guaranteed air-tightness<br \/>\nVariable and tool-free insertion of cables and DIN EN conduits up to M32<br \/>\nAdditional space for decentral installation of KNX \/ LON UP actuators, flush-mounted cut-off relays for Venetian blinds, and many more<br \/>\nSeparator wall for standardised fitting of two voltage types in one box<br \/>\nMaintenance of cable bending radii for network connection boxes \u2013 optimal data transfer<br \/>\nEasy installation of pre-wired accessories and multi-media connection boxes<\/p>\n<p><a href=\"https:\/\/www.kaiser-elektro.de\/en_DE\/redirect\/article-plain\/identifier\/1068-26\" target=\"_blank\" rel=\"noopener\">Vair\u0101k inform\u0101cijas<\/a><\/p>\n<p>Datu lapa:<br \/>\n<a href=\"https:\/\/www.kaiser-elektro.de\/en_DE\/redirect\/datasheet\/identifier\/1068-26\" target=\"_blank\" rel=\"noopener\">Skat\u012bt<\/a><\/p>\n<p>Sertifik\u0101ts:<br \/>\n<a href=\"https:\/\/assets.kaiser-elektro.de\/media\/19\/19753\/KAISER_BlowerDoor_Zertifikat_1068-26_1656-26_EN_web.pdf\" target=\"_blank\" rel=\"noopener\">BlowerDoor Certificate &#8211; UP\u00b9 ECON\u00ae electronics box and UP\u00b9 ECON\u00ae two-gang junction box (Art. No. 1068-26, 1656-26)<\/a><\/p>\n<p><a href=\"https:\/\/www.youtube.com\/watch?v=0q2C4IzGPIc\" target=\"_blank\" rel=\"noopener\">Video<\/a><\/p>","protected":false},"excerpt":{"rendered":"<p>UP\u00b9 ECON\u00ae electronics box and UP\u00b9 ECON\u00ae two-gang junction box The UP\u00b9 ECON\u00ae electronic socket and UP\u00b9 ECON\u00ae double one-gang<\/p>","protected":false},"featured_media":17150,"template":"","meta":[],"product_brand":[],"product_cat":[784],"product_tag":[],"class_list":{"0":"post-17150","1":"product","2":"type-product","3":"status-publish","4":"has-post-thumbnail","6":"product_cat-boxes-for-concrete-walls","8":"first","9":"outofstock","10":"taxable","11":"shipping-taxable","12":"purchasable","13":"product-type-simple"},"_links":{"self":[{"href":"https:\/\/shop.vallin.lv\/lv\/wp-json\/wp\/v2\/product\/17150","targetHints":{"allow":["GET"]}}],"collection":[{"href":"https:\/\/shop.vallin.lv\/lv\/wp-json\/wp\/v2\/product"}],"about":[{"href":"https:\/\/shop.vallin.lv\/lv\/wp-json\/wp\/v2\/types\/product"}],"version-history":[{"count":5,"href":"https:\/\/shop.vallin.lv\/lv\/wp-json\/wp\/v2\/product\/17150\/revisions"}],"predecessor-version":[{"id":67737,"href":"https:\/\/shop.vallin.lv\/lv\/wp-json\/wp\/v2\/product\/17150\/revisions\/67737"}],"wp:featuredmedia":[{"embeddable":true,"href":"https:\/\/shop.vallin.lv\/lv\/wp-json\/wp\/v2\/product\/17150"}],"wp:attachment":[{"href":"https:\/\/shop.vallin.lv\/lv\/wp-json\/wp\/v2\/media?parent=17150"}],"wp:term":[{"taxonomy":"product_brand","embeddable":true,"href":"https:\/\/shop.vallin.lv\/lv\/wp-json\/wp\/v2\/product_brand?post=17150"},{"taxonomy":"product_cat","embeddable":true,"href":"https:\/\/shop.vallin.lv\/lv\/wp-json\/wp\/v2\/product_cat?post=17150"},{"taxonomy":"product_tag","embeddable":true,"href":"https:\/\/shop.vallin.lv\/lv\/wp-json\/wp\/v2\/product_tag?post=17150"}],"curies":[{"name":"wp","href":"https:\/\/api.w.org\/{rel}","templated":true}]}}