{"id":11765,"date":"2025-11-19T23:58:38","date_gmt":"2025-11-19T21:58:38","guid":{"rendered":"https:\/\/shop.vallin.lv\/product\/panel-for-simple-wall-mounting-fo-splice-box-8sc\/"},"modified":"2026-03-12T11:58:47","modified_gmt":"2026-03-12T09:58:47","slug":"panel-for-simple-wall-mounting-fo-splice-box-8sc","status":"publish","type":"product","link":"https:\/\/shop.vallin.lv\/lv\/products\/panel-for-simple-wall-mounting-fo-splice-box-8sc\/","title":{"rendered":"Panelis vienk\u0101r\u0161ai sienas mont\u0101\u017eas optisk\u0101s \u0161\u0137iedras savienojumu kastei - 8SC"},"content":{"rendered":"<p>Panelis vienk\u0101r\u0161ai sienas mont\u0101\u017eas optisk\u0101s \u0161\u0137iedras savienojumu kastei - 8SC<\/p>\n<p>Datu lapa:<br \/>\n<a href=\"https:\/\/www.conteg.com\/userfiles\/accessories-it-racks-datasheet-conteg-en-b2233ea1.pdf\" target=\"_blank\" rel=\"noopener\">Skat\u012bt<\/a><\/p>","protected":false},"excerpt":{"rendered":"<p>Panel for simple wall-mounting FO splice-box &#8211; 8SC Data Sheet: View<\/p>","protected":false},"featured_media":0,"template":"","meta":[],"product_brand":[],"product_cat":[922],"product_tag":[],"class_list":{"0":"post-11765","1":"product","2":"type-product","3":"status-publish","5":"product_cat-other-accessories","7":"first","8":"instock","9":"taxable","10":"shipping-taxable","11":"purchasable","12":"product-type-simple"},"_links":{"self":[{"href":"https:\/\/shop.vallin.lv\/lv\/wp-json\/wp\/v2\/product\/11765","targetHints":{"allow":["GET"]}}],"collection":[{"href":"https:\/\/shop.vallin.lv\/lv\/wp-json\/wp\/v2\/product"}],"about":[{"href":"https:\/\/shop.vallin.lv\/lv\/wp-json\/wp\/v2\/types\/product"}],"version-history":[{"count":1,"href":"https:\/\/shop.vallin.lv\/lv\/wp-json\/wp\/v2\/product\/11765\/revisions"}],"predecessor-version":[{"id":30215,"href":"https:\/\/shop.vallin.lv\/lv\/wp-json\/wp\/v2\/product\/11765\/revisions\/30215"}],"wp:attachment":[{"href":"https:\/\/shop.vallin.lv\/lv\/wp-json\/wp\/v2\/media?parent=11765"}],"wp:term":[{"taxonomy":"product_brand","embeddable":true,"href":"https:\/\/shop.vallin.lv\/lv\/wp-json\/wp\/v2\/product_brand?post=11765"},{"taxonomy":"product_cat","embeddable":true,"href":"https:\/\/shop.vallin.lv\/lv\/wp-json\/wp\/v2\/product_cat?post=11765"},{"taxonomy":"product_tag","embeddable":true,"href":"https:\/\/shop.vallin.lv\/lv\/wp-json\/wp\/v2\/product_tag?post=11765"}],"curies":[{"name":"wp","href":"https:\/\/api.w.org\/{rel}","templated":true}]}}