{"id":11763,"date":"2025-11-19T23:58:33","date_gmt":"2025-11-19T21:58:33","guid":{"rendered":"https:\/\/shop.vallin.lv\/product\/front-panel-for-19-fiber-optic-splice-box-holes-for-sc-couplings\/"},"modified":"2026-01-22T15:11:57","modified_gmt":"2026-01-22T13:11:57","slug":"front-panel-for-19-fiber-optic-splice-box-holes-for-sc-couplings","status":"publish","type":"product","link":"https:\/\/shop.vallin.lv\/lv\/products\/front-panel-for-19-fiber-optic-splice-box-holes-for-sc-couplings\/","title":{"rendered":"Priek\u0161\u0113jais panelis 19\" optisk\u0101s \u0161\u0137iedras savienojumu kastei, ar caurumiem SC savienot\u0101jiem"},"content":{"rendered":"<p>Priek\u0161\u0113jais panelis 19\" optisk\u0101s \u0161\u0137iedras savienojumu kastei, ar caurumiem SC savienot\u0101jiem<\/p>\n<p>Datu lapa:<br \/>\n<a href=\"https:\/\/www.conteg.com\/userfiles\/accessories-it-racks-datasheet-conteg-en-b2233ea1.pdf\" target=\"_blank\" rel=\"noopener\">Skat\u012bt<\/a><\/p>","protected":false},"excerpt":{"rendered":"<p>Front panel for 19&#8243; fiber-optic splice box, holes for SC couplings Data Sheet: View<\/p>","protected":false},"featured_media":0,"template":"","meta":[],"product_brand":[],"product_cat":[922],"product_tag":[],"class_list":{"0":"post-11763","1":"product","2":"type-product","3":"status-publish","5":"product_cat-other-accessories","7":"first","8":"outofstock","9":"taxable","10":"shipping-taxable","11":"purchasable","12":"product-type-simple"},"_links":{"self":[{"href":"https:\/\/shop.vallin.lv\/lv\/wp-json\/wp\/v2\/product\/11763","targetHints":{"allow":["GET"]}}],"collection":[{"href":"https:\/\/shop.vallin.lv\/lv\/wp-json\/wp\/v2\/product"}],"about":[{"href":"https:\/\/shop.vallin.lv\/lv\/wp-json\/wp\/v2\/types\/product"}],"version-history":[{"count":1,"href":"https:\/\/shop.vallin.lv\/lv\/wp-json\/wp\/v2\/product\/11763\/revisions"}],"predecessor-version":[{"id":30213,"href":"https:\/\/shop.vallin.lv\/lv\/wp-json\/wp\/v2\/product\/11763\/revisions\/30213"}],"wp:attachment":[{"href":"https:\/\/shop.vallin.lv\/lv\/wp-json\/wp\/v2\/media?parent=11763"}],"wp:term":[{"taxonomy":"product_brand","embeddable":true,"href":"https:\/\/shop.vallin.lv\/lv\/wp-json\/wp\/v2\/product_brand?post=11763"},{"taxonomy":"product_cat","embeddable":true,"href":"https:\/\/shop.vallin.lv\/lv\/wp-json\/wp\/v2\/product_cat?post=11763"},{"taxonomy":"product_tag","embeddable":true,"href":"https:\/\/shop.vallin.lv\/lv\/wp-json\/wp\/v2\/product_tag?post=11763"}],"curies":[{"name":"wp","href":"https:\/\/api.w.org\/{rel}","templated":true}]}}