{"id":11728,"date":"2025-11-19T23:57:21","date_gmt":"2025-11-19T21:57:21","guid":{"rendered":"https:\/\/shop.vallin.lv\/product\/19-blank-panel-2u-quick-assembly-packaged-by-4-pcs-price-per-1-pc\/"},"modified":"2026-03-12T13:40:22","modified_gmt":"2026-03-12T11:40:22","slug":"19-blank-panel-2u-quick-assembly-packaged-by-4-pcs-price-per-1-pc","status":"publish","type":"product","link":"https:\/\/shop.vallin.lv\/lv\/products\/19-blank-panel-2u-quick-assembly-packaged-by-4-pcs-price-per-1-pc\/","title":{"rendered":"19\" tuk\u0161ais panelis 2U - \u0100tr\u0101 mont\u0101\u017ea; iepakojum\u0101 4 gab., cena par 1 gab."},"content":{"rendered":"<p>19\" tuk\u0161ais panelis 2U - \u0100tr\u0101 mont\u0101\u017ea; iepakojum\u0101 4 gab., cena par 1 gab.<\/p>\n<p>Datu lapa:<br \/>\n<a href=\"https:\/\/www.conteg.com\/products\/blank-panel-for-soho-mini-reh-16\" target=\"_blank\" rel=\"noopener\">Skat\u012bt<\/a><\/p>","protected":false},"excerpt":{"rendered":"<p>19&#8243; blank panel 2U &#8211; Quick assembly; packaged by 4 pcs, price per 1 pcs Data Sheet: View<\/p>","protected":false},"featured_media":11728,"template":"","meta":[],"product_brand":[],"product_cat":[922],"product_tag":[],"class_list":{"0":"post-11728","1":"product","2":"type-product","3":"status-publish","4":"has-post-thumbnail","6":"product_cat-other-accessories","8":"first","9":"outofstock","10":"taxable","11":"shipping-taxable","12":"purchasable","13":"product-type-simple"},"_links":{"self":[{"href":"https:\/\/shop.vallin.lv\/lv\/wp-json\/wp\/v2\/product\/11728","targetHints":{"allow":["GET"]}}],"collection":[{"href":"https:\/\/shop.vallin.lv\/lv\/wp-json\/wp\/v2\/product"}],"about":[{"href":"https:\/\/shop.vallin.lv\/lv\/wp-json\/wp\/v2\/types\/product"}],"version-history":[{"count":1,"href":"https:\/\/shop.vallin.lv\/lv\/wp-json\/wp\/v2\/product\/11728\/revisions"}],"predecessor-version":[{"id":30178,"href":"https:\/\/shop.vallin.lv\/lv\/wp-json\/wp\/v2\/product\/11728\/revisions\/30178"}],"wp:featuredmedia":[{"embeddable":true,"href":"https:\/\/shop.vallin.lv\/lv\/wp-json\/wp\/v2\/product\/11728"}],"wp:attachment":[{"href":"https:\/\/shop.vallin.lv\/lv\/wp-json\/wp\/v2\/media?parent=11728"}],"wp:term":[{"taxonomy":"product_brand","embeddable":true,"href":"https:\/\/shop.vallin.lv\/lv\/wp-json\/wp\/v2\/product_brand?post=11728"},{"taxonomy":"product_cat","embeddable":true,"href":"https:\/\/shop.vallin.lv\/lv\/wp-json\/wp\/v2\/product_cat?post=11728"},{"taxonomy":"product_tag","embeddable":true,"href":"https:\/\/shop.vallin.lv\/lv\/wp-json\/wp\/v2\/product_tag?post=11728"}],"curies":[{"name":"wp","href":"https:\/\/api.w.org\/{rel}","templated":true}]}}