{"id":11655,"date":"2025-11-19T23:55:15","date_gmt":"2025-11-19T21:55:15","guid":{"rendered":"https:\/\/shop.vallin.lv\/product\/optiway-reducer-300x100mm-to-160x100mm-duct-size-yellow-requires-1x-opw-30jo-1x-opw-16jo\/"},"modified":"2026-03-12T13:41:17","modified_gmt":"2026-03-12T11:41:17","slug":"optiway-reducer-300x100mm-to-160x100mm-duct-size-yellow-requires-1x-opw-30jo-1x-opw-16jo","status":"publish","type":"product","link":"https:\/\/shop.vallin.lv\/lv\/products\/optiway-reducer-300x100mm-to-160x100mm-duct-size-yellow-requires-1x-opw-30jo-1x-opw-16jo\/","title":{"rendered":"OptiWay - P\u0101reja, 300x100mm l\u012bdz 160x100mm kan\u0101la izm\u0113ru, dzeltens, nepiecie\u0161ams 1x OPW-30JO un 1x OPW-16JO"},"content":{"rendered":"<p>OptiWay - P\u0101reja, 300x100mm l\u012bdz 160x100mm kan\u0101la izm\u0113ru, dzeltens, nepiecie\u0161ams 1x OPW-30JO un 1x OPW-16JO<\/p>\n<p>Datu lapa:<br \/>\n<a href=\"https:\/\/www.conteg.com\/it-and-telco\/optical-pathway-system\" target=\"_blank\" rel=\"noopener\">Skat\u012bt<\/a><\/p>","protected":false},"excerpt":{"rendered":"<p>OptiWay &#8211; Reducer, 300x100mm to 160x100mm Duct Size, yellow, requires 1x OPW-30JO &amp; 1x OPW-16JO Data Sheet: View<\/p>","protected":false},"featured_media":11655,"template":"","meta":[],"product_brand":[],"product_cat":[506],"product_tag":[],"class_list":{"0":"post-11655","1":"product","2":"type-product","3":"status-publish","4":"has-post-thumbnail","6":"product_cat-cable-organizers-and-systems","8":"first","9":"outofstock","10":"taxable","11":"shipping-taxable","12":"purchasable","13":"product-type-simple"},"_links":{"self":[{"href":"https:\/\/shop.vallin.lv\/lv\/wp-json\/wp\/v2\/product\/11655","targetHints":{"allow":["GET"]}}],"collection":[{"href":"https:\/\/shop.vallin.lv\/lv\/wp-json\/wp\/v2\/product"}],"about":[{"href":"https:\/\/shop.vallin.lv\/lv\/wp-json\/wp\/v2\/types\/product"}],"version-history":[{"count":1,"href":"https:\/\/shop.vallin.lv\/lv\/wp-json\/wp\/v2\/product\/11655\/revisions"}],"predecessor-version":[{"id":30121,"href":"https:\/\/shop.vallin.lv\/lv\/wp-json\/wp\/v2\/product\/11655\/revisions\/30121"}],"wp:featuredmedia":[{"embeddable":true,"href":"https:\/\/shop.vallin.lv\/lv\/wp-json\/wp\/v2\/product\/11655"}],"wp:attachment":[{"href":"https:\/\/shop.vallin.lv\/lv\/wp-json\/wp\/v2\/media?parent=11655"}],"wp:term":[{"taxonomy":"product_brand","embeddable":true,"href":"https:\/\/shop.vallin.lv\/lv\/wp-json\/wp\/v2\/product_brand?post=11655"},{"taxonomy":"product_cat","embeddable":true,"href":"https:\/\/shop.vallin.lv\/lv\/wp-json\/wp\/v2\/product_cat?post=11655"},{"taxonomy":"product_tag","embeddable":true,"href":"https:\/\/shop.vallin.lv\/lv\/wp-json\/wp\/v2\/product_tag?post=11655"}],"curies":[{"name":"wp","href":"https:\/\/api.w.org\/{rel}","templated":true}]}}