{"id":11653,"date":"2025-11-19T23:55:10","date_gmt":"2025-11-19T21:55:10","guid":{"rendered":"https:\/\/shop.vallin.lv\/product\/optiway-300-90-degree-inside-angle-hinged-cover-yellow\/"},"modified":"2026-01-22T15:11:25","modified_gmt":"2026-01-22T13:11:25","slug":"optiway-300-90-degree-inside-angle-hinged-cover-yellow","status":"publish","type":"product","link":"https:\/\/shop.vallin.lv\/lv\/products\/optiway-300-90-degree-inside-angle-hinged-cover-yellow\/","title":{"rendered":"OptiWay 300 - 90\u00b0 iek\u0161\u0113jais le\u0146\u0137is ar \u0161arn\u012bra v\u0101ku, dzeltens"},"content":{"rendered":"<p>OptiWay 300 - 90\u00b0 iek\u0161\u0113jais le\u0146\u0137is ar \u0161arn\u012bra v\u0101ku, dzeltens<\/p>\n<p>Datu lapa:<br \/>\n<a href=\"https:\/\/www.conteg.com\/it-and-telco\/optical-pathway-system\" target=\"_blank\" rel=\"noopener\">Skat\u012bt<\/a><\/p>","protected":false},"excerpt":{"rendered":"<p>OptiWay 300 &#8211; 90 degree Inside Angle Hinged Cover yellow Data Sheet: View<\/p>","protected":false},"featured_media":0,"template":"","meta":[],"product_brand":[],"product_cat":[506],"product_tag":[],"class_list":{"0":"post-11653","1":"product","2":"type-product","3":"status-publish","5":"product_cat-cable-organizers-and-systems","7":"first","8":"outofstock","9":"taxable","10":"shipping-taxable","11":"purchasable","12":"product-type-simple"},"_links":{"self":[{"href":"https:\/\/shop.vallin.lv\/lv\/wp-json\/wp\/v2\/product\/11653","targetHints":{"allow":["GET"]}}],"collection":[{"href":"https:\/\/shop.vallin.lv\/lv\/wp-json\/wp\/v2\/product"}],"about":[{"href":"https:\/\/shop.vallin.lv\/lv\/wp-json\/wp\/v2\/types\/product"}],"version-history":[{"count":1,"href":"https:\/\/shop.vallin.lv\/lv\/wp-json\/wp\/v2\/product\/11653\/revisions"}],"predecessor-version":[{"id":30119,"href":"https:\/\/shop.vallin.lv\/lv\/wp-json\/wp\/v2\/product\/11653\/revisions\/30119"}],"wp:attachment":[{"href":"https:\/\/shop.vallin.lv\/lv\/wp-json\/wp\/v2\/media?parent=11653"}],"wp:term":[{"taxonomy":"product_brand","embeddable":true,"href":"https:\/\/shop.vallin.lv\/lv\/wp-json\/wp\/v2\/product_brand?post=11653"},{"taxonomy":"product_cat","embeddable":true,"href":"https:\/\/shop.vallin.lv\/lv\/wp-json\/wp\/v2\/product_cat?post=11653"},{"taxonomy":"product_tag","embeddable":true,"href":"https:\/\/shop.vallin.lv\/lv\/wp-json\/wp\/v2\/product_tag?post=11653"}],"curies":[{"name":"wp","href":"https:\/\/api.w.org\/{rel}","templated":true}]}}