{"id":11642,"date":"2025-11-19T23:54:47","date_gmt":"2025-11-19T21:54:47","guid":{"rendered":"https:\/\/shop.vallin.lv\/product\/optiway-160-45-degree-inside-angle-160-x-100mm-yellow-requires-2x-opw-16jo\/"},"modified":"2026-03-12T13:41:19","modified_gmt":"2026-03-12T11:41:19","slug":"optiway-160-45-degree-inside-angle-160-x-100mm-yellow-requires-2x-opw-16jo","status":"publish","type":"product","link":"https:\/\/shop.vallin.lv\/lv\/products\/optiway-160-45-degree-inside-angle-160-x-100mm-yellow-requires-2x-opw-16jo\/","title":{"rendered":"OptiWay 160 - 45 gr\u0101ds Iek\u0161\u0113jais le\u0146\u0137is, 160 x 100mm, dzeltens, nepiecie\u0161ami 2x OPW-16JO"},"content":{"rendered":"<p>OptiWay 160 - 45 gr\u0101ds Iek\u0161\u0113jais le\u0146\u0137is, 160 x 100mm, dzeltens, nepiecie\u0161ami 2x OPW-16JO<\/p>\n<p>Datu lapa:<br \/>\n<a href=\"https:\/\/www.conteg.com\/it-and-telco\/optical-pathway-system\" target=\"_blank\" rel=\"noopener\">Skat\u012bt<\/a><\/p>","protected":false},"excerpt":{"rendered":"<p>OptiWay 160 &#8211; 45 degree Inside Angle, 160 x 100mm, yellow, requires 2x OPW-16JO Data Sheet: View<\/p>","protected":false},"featured_media":11642,"template":"","meta":[],"product_brand":[],"product_cat":[506],"product_tag":[],"class_list":{"0":"post-11642","1":"product","2":"type-product","3":"status-publish","4":"has-post-thumbnail","6":"product_cat-cable-organizers-and-systems","8":"first","9":"outofstock","10":"taxable","11":"shipping-taxable","12":"purchasable","13":"product-type-simple"},"_links":{"self":[{"href":"https:\/\/shop.vallin.lv\/lv\/wp-json\/wp\/v2\/product\/11642","targetHints":{"allow":["GET"]}}],"collection":[{"href":"https:\/\/shop.vallin.lv\/lv\/wp-json\/wp\/v2\/product"}],"about":[{"href":"https:\/\/shop.vallin.lv\/lv\/wp-json\/wp\/v2\/types\/product"}],"version-history":[{"count":1,"href":"https:\/\/shop.vallin.lv\/lv\/wp-json\/wp\/v2\/product\/11642\/revisions"}],"predecessor-version":[{"id":30108,"href":"https:\/\/shop.vallin.lv\/lv\/wp-json\/wp\/v2\/product\/11642\/revisions\/30108"}],"wp:featuredmedia":[{"embeddable":true,"href":"https:\/\/shop.vallin.lv\/lv\/wp-json\/wp\/v2\/product\/11642"}],"wp:attachment":[{"href":"https:\/\/shop.vallin.lv\/lv\/wp-json\/wp\/v2\/media?parent=11642"}],"wp:term":[{"taxonomy":"product_brand","embeddable":true,"href":"https:\/\/shop.vallin.lv\/lv\/wp-json\/wp\/v2\/product_brand?post=11642"},{"taxonomy":"product_cat","embeddable":true,"href":"https:\/\/shop.vallin.lv\/lv\/wp-json\/wp\/v2\/product_cat?post=11642"},{"taxonomy":"product_tag","embeddable":true,"href":"https:\/\/shop.vallin.lv\/lv\/wp-json\/wp\/v2\/product_tag?post=11642"}],"curies":[{"name":"wp","href":"https:\/\/api.w.org\/{rel}","templated":true}]}}