{"id":11641,"date":"2025-11-19T23:54:45","date_gmt":"2025-11-19T21:54:45","guid":{"rendered":"https:\/\/shop.vallin.lv\/product\/optiway-160-90-degree-inside-angle-160-x-100mm-yellow-requires-2x-opw-16jo\/"},"modified":"2026-01-22T15:11:21","modified_gmt":"2026-01-22T13:11:21","slug":"optiway-160-90-degree-inside-angle-160-x-100mm-yellow-requires-2x-opw-16jo","status":"publish","type":"product","link":"https:\/\/shop.vallin.lv\/lv\/products\/optiway-160-90-degree-inside-angle-160-x-100mm-yellow-requires-2x-opw-16jo\/","title":{"rendered":"OptiWay 160 - 90 gr\u0101du Inside Angle, 160 x 100mm, dzeltens, nepiecie\u0161ami 2x OPW-16JO"},"content":{"rendered":"<p>OptiWay 160 - 90 gr\u0101du Inside Angle, 160 x 100mm, dzeltens, nepiecie\u0161ami 2x OPW-16JO<\/p>\n<p>Datu lapa:<br \/>\n<a href=\"https:\/\/www.conteg.com\/it-and-telco\/optical-pathway-system\" target=\"_blank\">Skat\u012bt<\/a><\/p>","protected":false},"excerpt":{"rendered":"<p>OptiWay 160 &#8211; 90 degree Inside Angle, 160 x 100mm, yellow, requires 2x OPW-16JO Data Sheet: View<\/p>","protected":false},"featured_media":0,"template":"","meta":[],"product_brand":[],"product_cat":[506],"product_tag":[],"class_list":{"0":"post-11641","1":"product","2":"type-product","3":"status-publish","5":"product_cat-cable-organizers-and-systems","7":"first","8":"outofstock","9":"taxable","10":"shipping-taxable","11":"purchasable","12":"product-type-simple"},"_links":{"self":[{"href":"https:\/\/shop.vallin.lv\/lv\/wp-json\/wp\/v2\/product\/11641","targetHints":{"allow":["GET"]}}],"collection":[{"href":"https:\/\/shop.vallin.lv\/lv\/wp-json\/wp\/v2\/product"}],"about":[{"href":"https:\/\/shop.vallin.lv\/lv\/wp-json\/wp\/v2\/types\/product"}],"version-history":[{"count":1,"href":"https:\/\/shop.vallin.lv\/lv\/wp-json\/wp\/v2\/product\/11641\/revisions"}],"predecessor-version":[{"id":30107,"href":"https:\/\/shop.vallin.lv\/lv\/wp-json\/wp\/v2\/product\/11641\/revisions\/30107"}],"wp:attachment":[{"href":"https:\/\/shop.vallin.lv\/lv\/wp-json\/wp\/v2\/media?parent=11641"}],"wp:term":[{"taxonomy":"product_brand","embeddable":true,"href":"https:\/\/shop.vallin.lv\/lv\/wp-json\/wp\/v2\/product_brand?post=11641"},{"taxonomy":"product_cat","embeddable":true,"href":"https:\/\/shop.vallin.lv\/lv\/wp-json\/wp\/v2\/product_cat?post=11641"},{"taxonomy":"product_tag","embeddable":true,"href":"https:\/\/shop.vallin.lv\/lv\/wp-json\/wp\/v2\/product_tag?post=11641"}],"curies":[{"name":"wp","href":"https:\/\/api.w.org\/{rel}","templated":true}]}}