{"id":11619,"date":"2025-11-19T23:53:49","date_gmt":"2025-11-19T21:53:49","guid":{"rendered":"https:\/\/shop.vallin.lv\/product\/19-rqn-u-wall-mount-rack-height-12u-width-570mm-depth-600mm-unassembled\/"},"modified":"2026-03-12T13:41:22","modified_gmt":"2026-03-12T11:41:22","slug":"19-rqn-u-wall-mount-rack-height-12u-width-570mm-depth-600mm-unassembled","status":"publish","type":"product","link":"https:\/\/shop.vallin.lv\/lv\/products\/19-rqn-u-wall-mount-rack-height-12u-width-570mm-depth-600mm-unassembled\/","title":{"rendered":"19\" RQN-U sienas mont\u0101\u017eas skapis, augstums 12U, platums 570mm, dzi\u013cums 600mm, nesamont\u0113ts"},"content":{"rendered":"<p>Basic information:<br \/>\nHeight:  12U<br \/>\nWidth: 570mm<br \/>\nDepth: 600mm<br \/>\nColor: RAL 7035 (light gray)<br \/>\nStandard equipment: 1 pair of sliding 19\" vertical extrusions<br \/>\nGlass door with lock<br \/>\nRemovable side panels<br \/>\nRear panel<br \/>\nEarthing kit<br \/>\nLoad rating: 50kg<br \/>\nDelivery conditions: RQN rack is delivered unassembled<\/p>\n<p>Datu lapa:<br \/>\n<a href=\"https:\/\/www.conteg.com\/userfiles\/iseven-rqn-datasheet-conteg-en-77742554.pdf?v=k3uyknwb4f\" target=\"_blank\" rel=\"noopener\">Skat\u012bt<\/a><\/p>","protected":false},"excerpt":{"rendered":"<p>Basic information: Height: 12U Width: 570mm Depth: 600mm Color: RAL 7035 (light gray) Standard equipment: 1 pair of sliding 19&#8243;<\/p>","protected":false},"featured_media":11619,"template":"","meta":[],"product_brand":[],"product_cat":[324],"product_tag":[],"class_list":{"0":"post-11619","1":"product","2":"type-product","3":"status-publish","4":"has-post-thumbnail","6":"product_cat-19-wall-cabinets","8":"first","9":"outofstock","10":"taxable","11":"shipping-taxable","12":"purchasable","13":"product-type-simple"},"_links":{"self":[{"href":"https:\/\/shop.vallin.lv\/lv\/wp-json\/wp\/v2\/product\/11619","targetHints":{"allow":["GET"]}}],"collection":[{"href":"https:\/\/shop.vallin.lv\/lv\/wp-json\/wp\/v2\/product"}],"about":[{"href":"https:\/\/shop.vallin.lv\/lv\/wp-json\/wp\/v2\/types\/product"}],"version-history":[{"count":1,"href":"https:\/\/shop.vallin.lv\/lv\/wp-json\/wp\/v2\/product\/11619\/revisions"}],"predecessor-version":[{"id":30090,"href":"https:\/\/shop.vallin.lv\/lv\/wp-json\/wp\/v2\/product\/11619\/revisions\/30090"}],"wp:featuredmedia":[{"embeddable":true,"href":"https:\/\/shop.vallin.lv\/lv\/wp-json\/wp\/v2\/product\/11619"}],"wp:attachment":[{"href":"https:\/\/shop.vallin.lv\/lv\/wp-json\/wp\/v2\/media?parent=11619"}],"wp:term":[{"taxonomy":"product_brand","embeddable":true,"href":"https:\/\/shop.vallin.lv\/lv\/wp-json\/wp\/v2\/product_brand?post=11619"},{"taxonomy":"product_cat","embeddable":true,"href":"https:\/\/shop.vallin.lv\/lv\/wp-json\/wp\/v2\/product_cat?post=11619"},{"taxonomy":"product_tag","embeddable":true,"href":"https:\/\/shop.vallin.lv\/lv\/wp-json\/wp\/v2\/product_tag?post=11619"}],"curies":[{"name":"wp","href":"https:\/\/api.w.org\/{rel}","templated":true}]}}