{"id":11589,"date":"2025-11-19T23:52:26","date_gmt":"2025-11-19T21:52:26","guid":{"rendered":"https:\/\/shop.vallin.lv\/product\/19-run-wall-mount-rack-height-9u-w-d-60-50-removable-side-panels\/"},"modified":"2026-03-12T13:41:54","modified_gmt":"2026-03-12T11:41:54","slug":"19-run-wall-mount-rack-height-9u-w-d-60-50-removable-side-panels","status":"publish","type":"product","link":"https:\/\/shop.vallin.lv\/lv\/products\/19-run-wall-mount-rack-height-9u-w-d-60-50-removable-side-panels\/","title":{"rendered":"19\" RUN sienas mont\u0101\u017eas skapis, augstums 9U, platums\/dzi\u013cums: 60\/50, no\u0146emami s\u0101nu pane\u013ci"},"content":{"rendered":"<p>Basic information:<br \/>\nHeight:  9U<br \/>\nWidth: 600mm<br \/>\nDepth: 500mm<br \/>\nColor: RAL 7035 (light gray)<br \/>\nStandard equipment: 1 pair of sliding 19\" vertical extrusions<br \/>\nGlass door with lock<br \/>\nRemovable side panels with lock<br \/>\nEarthing kit<br \/>\n16 mounting kits<br \/>\nLoad rating: 60kg<br \/>\nDelivery conditions: RUN rack is delivered assembled and packed<\/p>\n<p>Datu lapa:<br \/>\n<a href=\"https:\/\/www.conteg.com\/userfiles\/premium-run-datasheet-conteg-en-7b237a6e.pdf?v=\" target=\"_blank\" rel=\"noopener\">Skat\u012bt<\/a><\/p>","protected":false},"excerpt":{"rendered":"<p>Basic information: Height: 9U Width: 600mm Depth: 500mm Color: RAL 7035 (light gray) Standard equipment: 1 pair of sliding 19&#8243;<\/p>","protected":false},"featured_media":11589,"template":"","meta":[],"product_brand":[],"product_cat":[324],"product_tag":[],"class_list":{"0":"post-11589","1":"product","2":"type-product","3":"status-publish","4":"has-post-thumbnail","6":"product_cat-19-wall-cabinets","8":"first","9":"outofstock","10":"taxable","11":"shipping-taxable","12":"purchasable","13":"product-type-simple"},"_links":{"self":[{"href":"https:\/\/shop.vallin.lv\/lv\/wp-json\/wp\/v2\/product\/11589","targetHints":{"allow":["GET"]}}],"collection":[{"href":"https:\/\/shop.vallin.lv\/lv\/wp-json\/wp\/v2\/product"}],"about":[{"href":"https:\/\/shop.vallin.lv\/lv\/wp-json\/wp\/v2\/types\/product"}],"version-history":[{"count":1,"href":"https:\/\/shop.vallin.lv\/lv\/wp-json\/wp\/v2\/product\/11589\/revisions"}],"predecessor-version":[{"id":30075,"href":"https:\/\/shop.vallin.lv\/lv\/wp-json\/wp\/v2\/product\/11589\/revisions\/30075"}],"wp:featuredmedia":[{"embeddable":true,"href":"https:\/\/shop.vallin.lv\/lv\/wp-json\/wp\/v2\/product\/11589"}],"wp:attachment":[{"href":"https:\/\/shop.vallin.lv\/lv\/wp-json\/wp\/v2\/media?parent=11589"}],"wp:term":[{"taxonomy":"product_brand","embeddable":true,"href":"https:\/\/shop.vallin.lv\/lv\/wp-json\/wp\/v2\/product_brand?post=11589"},{"taxonomy":"product_cat","embeddable":true,"href":"https:\/\/shop.vallin.lv\/lv\/wp-json\/wp\/v2\/product_cat?post=11589"},{"taxonomy":"product_tag","embeddable":true,"href":"https:\/\/shop.vallin.lv\/lv\/wp-json\/wp\/v2\/product_tag?post=11589"}],"curies":[{"name":"wp","href":"https:\/\/api.w.org\/{rel}","templated":true}]}}