{"id":11525,"date":"2025-11-19T23:49:22","date_gmt":"2025-11-19T21:49:22","guid":{"rendered":"https:\/\/shop.vallin.lv\/product\/19-ri7-free-standing-rack-height-42u-width-600mm-depth-800mm\/"},"modified":"2026-03-12T13:41:34","modified_gmt":"2026-03-12T11:41:34","slug":"19-ri7-free-standing-rack-height-42u-width-600mm-depth-800mm","status":"publish","type":"product","link":"https:\/\/shop.vallin.lv\/lv\/products\/19-ri7-free-standing-rack-height-42u-width-600mm-depth-800mm\/","title":{"rendered":"19\" RI7 br\u012bvi st\u0101vo\u0161s skapis, augstums 42U, platums 600mm, dzi\u013cums 800mm"},"content":{"rendered":"<p>Basic information:<br \/>\nHeight: 42U<br \/>\nDepth: 800mm<br \/>\nWidth: 600mm<br \/>\nColor: Light gray - RAL 7035 (code \"B\") and black - RAL 9005 (code \"H\")<br \/>\nStandard equipment: 2 pairs of 19\" sliding vertical extrusions<br \/>\nFront door with swivel handle lock and safety glass (EN 12150-1), universal key 333, DIN profile<br \/>\nRemovable rear panel with knock-out cable entry and lock<br \/>\n1 pair of side panels with lock<br \/>\n4 adjustable feet<br \/>\nEarthing kit<br \/>\n28 mounting kits<br \/>\nLoad rating: 800kg<br \/>\nDelivery conditions: iSEVEN rack is delivered assembled and palletized<\/p>\n<p>Datu lapa:<br \/>\n<a href=\"https:\/\/www.conteg.com\/userfiles\/iseven-ri7-datasheet-conteg-en-cdefa8c9.pdf\" target=\"_blank\" rel=\"noopener\">Skat\u012bt<\/a><\/p>","protected":false},"excerpt":{"rendered":"<p>Basic information: Height: 42U Depth: 800mm Width: 600mm Color: Light gray &#8211; RAL 7035 (code &#8220;B&#8221;) and black &#8211; RAL<\/p>","protected":false},"featured_media":11525,"template":"","meta":[],"product_brand":[],"product_cat":[318],"product_tag":[],"class_list":{"0":"post-11525","1":"product","2":"type-product","3":"status-publish","4":"has-post-thumbnail","6":"product_cat-19-floor-cabinets","8":"first","9":"outofstock","10":"taxable","11":"shipping-taxable","12":"purchasable","13":"product-type-simple"},"_links":{"self":[{"href":"https:\/\/shop.vallin.lv\/lv\/wp-json\/wp\/v2\/product\/11525","targetHints":{"allow":["GET"]}}],"collection":[{"href":"https:\/\/shop.vallin.lv\/lv\/wp-json\/wp\/v2\/product"}],"about":[{"href":"https:\/\/shop.vallin.lv\/lv\/wp-json\/wp\/v2\/types\/product"}],"version-history":[{"count":1,"href":"https:\/\/shop.vallin.lv\/lv\/wp-json\/wp\/v2\/product\/11525\/revisions"}],"predecessor-version":[{"id":30052,"href":"https:\/\/shop.vallin.lv\/lv\/wp-json\/wp\/v2\/product\/11525\/revisions\/30052"}],"wp:featuredmedia":[{"embeddable":true,"href":"https:\/\/shop.vallin.lv\/lv\/wp-json\/wp\/v2\/product\/11525"}],"wp:attachment":[{"href":"https:\/\/shop.vallin.lv\/lv\/wp-json\/wp\/v2\/media?parent=11525"}],"wp:term":[{"taxonomy":"product_brand","embeddable":true,"href":"https:\/\/shop.vallin.lv\/lv\/wp-json\/wp\/v2\/product_brand?post=11525"},{"taxonomy":"product_cat","embeddable":true,"href":"https:\/\/shop.vallin.lv\/lv\/wp-json\/wp\/v2\/product_cat?post=11525"},{"taxonomy":"product_tag","embeddable":true,"href":"https:\/\/shop.vallin.lv\/lv\/wp-json\/wp\/v2\/product_tag?post=11525"}],"curies":[{"name":"wp","href":"https:\/\/api.w.org\/{rel}","templated":true}]}}