{"id":11512,"date":"2025-11-19T23:48:40","date_gmt":"2025-11-19T21:48:40","guid":{"rendered":"https:\/\/shop.vallin.lv\/product\/19-shelf-depth-150mm-with-2-supporting-brackets-fixed-height-1u-for-20kg\/"},"modified":"2026-03-12T14:32:08","modified_gmt":"2026-03-12T12:32:08","slug":"19-shelf-depth-150mm-with-2-supporting-brackets-fixed-height-1u-for-20kg","status":"publish","type":"product","link":"https:\/\/shop.vallin.lv\/lv\/products\/19-shelf-depth-150mm-with-2-supporting-brackets-fixed-height-1u-for-20kg\/","title":{"rendered":"19\" skapis, dzi\u013cums 150mm ar 2 atbalsta kron\u0161teiniem - Fiks\u0113ts, augstums 1U, l\u012bdz 20kg"},"content":{"rendered":"<p>19\" skapis, dzi\u013cums 150mm ar 2 atbalsta kron\u0161teiniem - Fiks\u0113ts, augstums 1U, l\u012bdz 20kg<\/p>\n<p>Datu lapa:<br \/>\n<a href=\"https:\/\/www.conteg.com\/userfiles\/accessories-it-racks-datasheet-conteg-en-b2233ea1.pdf\" target=\"_blank\" rel=\"noopener\">Skat\u012bt<\/a><\/p>","protected":false},"excerpt":{"rendered":"<p>19&#8243; shelf, depth 150mm with 2 supporting brackets &#8211; Fixed, height 1U; for 20kg Data Sheet: View<\/p>","protected":false},"featured_media":11512,"template":"","meta":[],"product_brand":[],"product_cat":[507],"product_tag":[],"class_list":{"0":"post-11512","1":"product","2":"type-product","3":"status-publish","4":"has-post-thumbnail","6":"product_cat-shelves-for-19-cabinets","8":"first","9":"outofstock","10":"taxable","11":"shipping-taxable","12":"purchasable","13":"product-type-simple"},"_links":{"self":[{"href":"https:\/\/shop.vallin.lv\/lv\/wp-json\/wp\/v2\/product\/11512","targetHints":{"allow":["GET"]}}],"collection":[{"href":"https:\/\/shop.vallin.lv\/lv\/wp-json\/wp\/v2\/product"}],"about":[{"href":"https:\/\/shop.vallin.lv\/lv\/wp-json\/wp\/v2\/types\/product"}],"version-history":[{"count":2,"href":"https:\/\/shop.vallin.lv\/lv\/wp-json\/wp\/v2\/product\/11512\/revisions"}],"predecessor-version":[{"id":30036,"href":"https:\/\/shop.vallin.lv\/lv\/wp-json\/wp\/v2\/product\/11512\/revisions\/30036"}],"wp:featuredmedia":[{"embeddable":true,"href":"https:\/\/shop.vallin.lv\/lv\/wp-json\/wp\/v2\/product\/11512"}],"wp:attachment":[{"href":"https:\/\/shop.vallin.lv\/lv\/wp-json\/wp\/v2\/media?parent=11512"}],"wp:term":[{"taxonomy":"product_brand","embeddable":true,"href":"https:\/\/shop.vallin.lv\/lv\/wp-json\/wp\/v2\/product_brand?post=11512"},{"taxonomy":"product_cat","embeddable":true,"href":"https:\/\/shop.vallin.lv\/lv\/wp-json\/wp\/v2\/product_cat?post=11512"},{"taxonomy":"product_tag","embeddable":true,"href":"https:\/\/shop.vallin.lv\/lv\/wp-json\/wp\/v2\/product_tag?post=11512"}],"curies":[{"name":"wp","href":"https:\/\/api.w.org\/{rel}","templated":true}]}}