{"id":11499,"date":"2025-11-19T23:47:43","date_gmt":"2025-11-19T21:47:43","guid":{"rendered":"https:\/\/shop.vallin.lv\/product\/kit-accessories-for-fiber-optic-patch-panel-v2\/"},"modified":"2026-04-16T14:19:51","modified_gmt":"2026-04-16T12:19:51","slug":"kit-accessories-for-fiber-optic-patch-panel-v2","status":"publish","type":"product","link":"https:\/\/shop.vallin.lv\/lv\/products\/kit-accessories-for-fiber-optic-patch-panel-v2\/","title":{"rendered":"Komplekts piederumu, optisk\u0101s \u0161\u0137iedras patch panelis V2"},"content":{"rendered":"<p>Komplekts piederumu, optisk\u0101s \u0161\u0137iedras patch panelis V2<\/p>","protected":false},"excerpt":{"rendered":"<p>Komplekts piederumu, optisk\u0101s \u0161\u0137iedras patch panelis V2<\/p>","protected":false},"featured_media":11499,"template":"","meta":[],"product_brand":[],"product_cat":[543],"product_tag":[],"class_list":{"0":"post-11499","1":"product","2":"type-product","3":"status-publish","4":"has-post-thumbnail","6":"product_cat-accessories-for-panels","8":"first","9":"instock","10":"taxable","11":"shipping-taxable","12":"purchasable","13":"product-type-simple"},"_links":{"self":[{"href":"https:\/\/shop.vallin.lv\/lv\/wp-json\/wp\/v2\/product\/11499","targetHints":{"allow":["GET"]}}],"collection":[{"href":"https:\/\/shop.vallin.lv\/lv\/wp-json\/wp\/v2\/product"}],"about":[{"href":"https:\/\/shop.vallin.lv\/lv\/wp-json\/wp\/v2\/types\/product"}],"version-history":[{"count":1,"href":"https:\/\/shop.vallin.lv\/lv\/wp-json\/wp\/v2\/product\/11499\/revisions"}],"predecessor-version":[{"id":30027,"href":"https:\/\/shop.vallin.lv\/lv\/wp-json\/wp\/v2\/product\/11499\/revisions\/30027"}],"wp:featuredmedia":[{"embeddable":true,"href":"https:\/\/shop.vallin.lv\/lv\/wp-json\/wp\/v2\/product\/11499"}],"wp:attachment":[{"href":"https:\/\/shop.vallin.lv\/lv\/wp-json\/wp\/v2\/media?parent=11499"}],"wp:term":[{"taxonomy":"product_brand","embeddable":true,"href":"https:\/\/shop.vallin.lv\/lv\/wp-json\/wp\/v2\/product_brand?post=11499"},{"taxonomy":"product_cat","embeddable":true,"href":"https:\/\/shop.vallin.lv\/lv\/wp-json\/wp\/v2\/product_cat?post=11499"},{"taxonomy":"product_tag","embeddable":true,"href":"https:\/\/shop.vallin.lv\/lv\/wp-json\/wp\/v2\/product_tag?post=11499"}],"curies":[{"name":"wp","href":"https:\/\/api.w.org\/{rel}","templated":true}]}}