{"id":11473,"date":"2025-11-19T23:45:49","date_gmt":"2025-11-19T21:45:49","guid":{"rendered":"https:\/\/shop.vallin.lv\/product\/tsku-20-telephone-junction-box-20-pairs-empty-for-internal-installation\/"},"modified":"2026-03-12T15:30:31","modified_gmt":"2026-03-12T13:30:31","slug":"tsku-20-telephone-junction-box-20-pairs-empty-for-internal-installation","status":"publish","type":"product","link":"https:\/\/shop.vallin.lv\/lv\/products\/tsku-20-telephone-junction-box-20-pairs-empty-for-internal-installation\/","title":{"rendered":"TSKU-20 telefona sadales k\u0101rba, 20 p\u0101ri, tuk\u0161a, iek\u0161\u0113jai uzst\u0101d\u012b\u0161anai"},"content":{"rendered":"<p>TSKU-20 telephone junction box, 20 pair, empty, for internal installation<\/p>","protected":false},"excerpt":{"rendered":"<p>TSKU-20 telephone junction box, 20 pair, empty, for internal installation<\/p>","protected":false},"featured_media":11473,"template":"","meta":[],"product_brand":[],"product_cat":[339],"product_tag":[],"class_list":{"0":"post-11473","1":"product","2":"type-product","3":"status-publish","4":"has-post-thumbnail","6":"product_cat-accessories-structured-cabling-system","8":"first","9":"instock","10":"taxable","11":"shipping-taxable","12":"purchasable","13":"product-type-simple"},"_links":{"self":[{"href":"https:\/\/shop.vallin.lv\/lv\/wp-json\/wp\/v2\/product\/11473","targetHints":{"allow":["GET"]}}],"collection":[{"href":"https:\/\/shop.vallin.lv\/lv\/wp-json\/wp\/v2\/product"}],"about":[{"href":"https:\/\/shop.vallin.lv\/lv\/wp-json\/wp\/v2\/types\/product"}],"version-history":[{"count":1,"href":"https:\/\/shop.vallin.lv\/lv\/wp-json\/wp\/v2\/product\/11473\/revisions"}],"predecessor-version":[{"id":30001,"href":"https:\/\/shop.vallin.lv\/lv\/wp-json\/wp\/v2\/product\/11473\/revisions\/30001"}],"wp:featuredmedia":[{"embeddable":true,"href":"https:\/\/shop.vallin.lv\/lv\/wp-json\/wp\/v2\/product\/11473"}],"wp:attachment":[{"href":"https:\/\/shop.vallin.lv\/lv\/wp-json\/wp\/v2\/media?parent=11473"}],"wp:term":[{"taxonomy":"product_brand","embeddable":true,"href":"https:\/\/shop.vallin.lv\/lv\/wp-json\/wp\/v2\/product_brand?post=11473"},{"taxonomy":"product_cat","embeddable":true,"href":"https:\/\/shop.vallin.lv\/lv\/wp-json\/wp\/v2\/product_cat?post=11473"},{"taxonomy":"product_tag","embeddable":true,"href":"https:\/\/shop.vallin.lv\/lv\/wp-json\/wp\/v2\/product_tag?post=11473"}],"curies":[{"name":"wp","href":"https:\/\/api.w.org\/{rel}","templated":true}]}}