{"id":71755,"date":"2026-04-29T15:22:54","date_gmt":"2026-04-29T13:22:54","guid":{"rendered":"https:\/\/shop.vallin.lv\/product\/fo-patch-panel-rack-24-port-1u-double-front-scsx-lcdx-scdx-lcq-2\/"},"modified":"2026-04-29T15:22:54","modified_gmt":"2026-04-29T13:22:54","slug":"fo-patch-panel-rack-24-port-1u-double-front-scsx-lcdx-scdx-lcq-2","status":"publish","type":"product","link":"https:\/\/shop.vallin.lv\/lt\/produktas\/fo-patch-panel-rack-24-port-1u-double-front-scsx-lcdx-scdx-lcq-2\/","title":{"rendered":"FO PATCH PANEL RACK 24 UOSTAS - 1u - DVIGUBAS PRIEKIS SCSX\/LCDX + SCDX\/LCQ"},"content":{"rendered":"<p>GENERAL DESCRIPTION<br \/>\nThe 1U optical drawers are suitable for quick and easy management of fibers inside 19\" racks.<br \/>\nThey are equipped with a removable tray with easy clip closure, snap panels to ease access<br \/>\nto the terminations. The Fiber Optic Patch Panel Rack can house up to 96 fibers via SC-LC<br \/>\nDuplex adapter.<\/p>\n<p>FEATURES<br \/>\nStandard size, light weight and compact design<br \/>\nSlide out drawer for easy cable's management<br \/>\nOptional SC patch panel adapter, easy to replace<br \/>\nFront access panel design for easy operation<br \/>\nSuitable for standard 19'' optical distribution cabinets<br \/>\nCapacity 24 fibers, 2pcs splice tray of 24 fibers<br \/>\n4 fiber cable entry ports on the back side<br \/>\nSuitable for 1U, 19'' rack mounting<br \/>\nSliding type<br \/>\nMounting plates with depth adjustment. Standard bolt welded in center for splice tray connection is<br \/>\nstandard 9005 black color.<\/p>\n<p>Duomen\u0173 lapas:<br \/>\n<a href=\"https:\/\/www.lgoptic.com\/wp-content\/uploads\/2023\/09\/PATCH-PANEL-5024DX.pdf\" target=\"_blank\" rel=\"noopener\">Per\u017ei\u016br\u0117ti<\/a><\/p>","protected":false},"excerpt":{"rendered":"<p>GENERAL DESCRIPTION The 1U optical drawers are suitable for quick and easy management of fibers inside 19&#8243; racks. They are<\/p>","protected":false},"featured_media":71755,"template":"","meta":[],"product_brand":[],"product_cat":[544],"product_tag":[],"class_list":{"0":"post-71755","1":"product","2":"type-product","3":"status-publish","4":"has-post-thumbnail","6":"product_cat-sc-duplex-lc-quad","8":"first","9":"instock","10":"taxable","11":"shipping-taxable","12":"purchasable","13":"product-type-simple"},"_links":{"self":[{"href":"https:\/\/shop.vallin.lv\/lt\/wp-json\/wp\/v2\/product\/71755","targetHints":{"allow":["GET"]}}],"collection":[{"href":"https:\/\/shop.vallin.lv\/lt\/wp-json\/wp\/v2\/product"}],"about":[{"href":"https:\/\/shop.vallin.lv\/lt\/wp-json\/wp\/v2\/types\/product"}],"version-history":[{"count":0,"href":"https:\/\/shop.vallin.lv\/lt\/wp-json\/wp\/v2\/product\/71755\/revisions"}],"wp:featuredmedia":[{"embeddable":true,"href":"https:\/\/shop.vallin.lv\/lt\/wp-json\/wp\/v2\/product\/71755"}],"wp:attachment":[{"href":"https:\/\/shop.vallin.lv\/lt\/wp-json\/wp\/v2\/media?parent=71755"}],"wp:term":[{"taxonomy":"product_brand","embeddable":true,"href":"https:\/\/shop.vallin.lv\/lt\/wp-json\/wp\/v2\/product_brand?post=71755"},{"taxonomy":"product_cat","embeddable":true,"href":"https:\/\/shop.vallin.lv\/lt\/wp-json\/wp\/v2\/product_cat?post=71755"},{"taxonomy":"product_tag","embeddable":true,"href":"https:\/\/shop.vallin.lv\/lt\/wp-json\/wp\/v2\/product_tag?post=71755"}],"curies":[{"name":"wp","href":"https:\/\/api.w.org\/{rel}","templated":true}]}}