{"id":71741,"date":"2026-04-27T08:40:32","date_gmt":"2026-04-27T06:40:32","guid":{"rendered":"https:\/\/shop.vallin.lv\/product\/portable-power-station-ecoflow-delta-2-1024wh\/"},"modified":"2026-04-27T09:18:26","modified_gmt":"2026-04-27T07:18:26","slug":"portable-power-station-ecoflow-delta-2-1024wh","status":"publish","type":"product","link":"https:\/\/shop.vallin.lv\/lt\/produktas\/portable-power-station-ecoflow-delta-2-1024wh\/","title":{"rendered":"Ne\u0161iojama elektros stotis EcoFlow DELTA 2, 1024 Wh"},"content":{"rendered":"<p>EcoFlow DELTA 2 ne\u0161iojama elektros stotis yra galingas ir patikimas energijos \u0161altinis darbui, kelion\u0117ms ir ekstremalioms situacijoms. Tur\u0117dama 1024 Wh talp\u0105 ir 1800 W gali\u0105, ji gali maitinti iki 90% buitini\u0173 prietais\u0173. Stotis \u012fkraunama itin greitai (iki 80 % per ~50 min.) ir palaiko \u012fkrovim\u0105 i\u0161 elektros tinklo, automobilio ar saul\u0117s baterij\u0173.<\/p>\n<p>Duomen\u0173 lapas:<br \/>\n<a href=\"https:\/\/www.djistoreonline.com\/files\/images\/doc\/48970826647103.pdf\" target=\"_blank\" rel=\"noopener\">Per\u017ei\u016br\u0117ti<\/a><\/p>","protected":false},"excerpt":{"rendered":"<p>The EcoFlow DELTA 2 portable power station is a powerful and reliable energy source for work, travel, and emergency situations.<\/p>","protected":false},"featured_media":71741,"template":"","meta":[],"product_brand":[],"product_cat":[959],"product_tag":[],"class_list":{"0":"post-71741","1":"product","2":"type-product","3":"status-publish","4":"has-post-thumbnail","6":"product_cat-portable-power-stations","8":"first","9":"instock","10":"taxable","11":"shipping-taxable","12":"purchasable","13":"product-type-simple"},"_links":{"self":[{"href":"https:\/\/shop.vallin.lv\/lt\/wp-json\/wp\/v2\/product\/71741","targetHints":{"allow":["GET"]}}],"collection":[{"href":"https:\/\/shop.vallin.lv\/lt\/wp-json\/wp\/v2\/product"}],"about":[{"href":"https:\/\/shop.vallin.lv\/lt\/wp-json\/wp\/v2\/types\/product"}],"version-history":[{"count":1,"href":"https:\/\/shop.vallin.lv\/lt\/wp-json\/wp\/v2\/product\/71741\/revisions"}],"predecessor-version":[{"id":71749,"href":"https:\/\/shop.vallin.lv\/lt\/wp-json\/wp\/v2\/product\/71741\/revisions\/71749"}],"wp:featuredmedia":[{"embeddable":true,"href":"https:\/\/shop.vallin.lv\/lt\/wp-json\/wp\/v2\/product\/71741"}],"wp:attachment":[{"href":"https:\/\/shop.vallin.lv\/lt\/wp-json\/wp\/v2\/media?parent=71741"}],"wp:term":[{"taxonomy":"product_brand","embeddable":true,"href":"https:\/\/shop.vallin.lv\/lt\/wp-json\/wp\/v2\/product_brand?post=71741"},{"taxonomy":"product_cat","embeddable":true,"href":"https:\/\/shop.vallin.lv\/lt\/wp-json\/wp\/v2\/product_cat?post=71741"},{"taxonomy":"product_tag","embeddable":true,"href":"https:\/\/shop.vallin.lv\/lt\/wp-json\/wp\/v2\/product_tag?post=71741"}],"curies":[{"name":"wp","href":"https:\/\/api.w.org\/{rel}","templated":true}]}}