{"id":71703,"date":"2026-04-23T10:58:52","date_gmt":"2026-04-23T08:58:52","guid":{"rendered":"https:\/\/shop.vallin.lv\/product\/supersilent-diesel-generator-prp-625-kva-50-kwltp-67-kva53-6-kw-400v-1500-rpm\/"},"modified":"2026-04-23T11:38:05","modified_gmt":"2026-04-23T09:38:05","slug":"supersilent-diesel-generator-prp-625-kva-50-kwltp-67-kva53-6-kw-400v-1500-rpm","status":"publish","type":"product","link":"https:\/\/shop.vallin.lv\/lt\/produktas\/supersilent-diesel-generator-prp-625-kva-50-kwltp-67-kva53-6-kw-400v-1500-rpm\/","title":{"rendered":"SUPERSILENT dyzeliniai generatoriai PRP 62,5 kVA (50 kW)|LTP 67 kVA(53.6 kW) | 400V | 1500 rpm"},"content":{"rendered":"<p>Auk\u0161tos kokyb\u0117s SUPERSILENT dyzelinis generatorius, skirtas nepertraukiamam elektros tiekimui tiek pramonin\u0117ms, tiek komercin\u0117ms reikm\u0117ms. D\u0117l garso izoliuoto korpuso jis u\u017etikrina tyl\u0173 veikim\u0105 ir yra tinkamas naudoti net gyvenamosiose teritorijose.<br \/>\nGeneratorius apr\u016bpintas patikimu Baudouin varikliu ir kokybi\u0161ku Stamford generatoriumi (alternatoriumi), u\u017etikrinan\u010diu stabil\u0173 ir efektyv\u0173 darb\u0105. Automatinis valdymo pultas su mikroprocesoriumi leid\u017eia lengvai valdyti ir steb\u0117ti visas \u012frenginio funkcijas.<br \/>\nPagrindiniai privalumai:<br \/>\nPower: 62.5 kVA (50 kW) \/ max 67 kVA<br \/>\nTrifaz\u0117 \u012ftampa: 400\/230V, 50Hz<br \/>\n\u017demas triuk\u0161mo lygis (garso izoliuotas korpusas)<br \/>\nFuel tank: 250 L (up to ~23 hours at 75% load)<br \/>\nAutomatin\u0117 apsauga (\u017eemas kuro lygis, alyvos sl\u0117gis, perkrova ir kt.)<br \/>\nLCD control panel with remote monitoring capabilities. Possable to add ATS  (automatic transfer switch)<\/p>\n<p>Idealus sprendimas statyboms, pramonei, serverin\u0117ms ir atsarginiam elektros tiekimui.<\/p>\n<p><a href=\"https:\/\/www.elcospowergenerators.com\/super-silent\/\" target=\"_blank\" rel=\"noopener\">Daugiau informacijos<\/a><\/p>\n<p>Duomen\u0173 lapas:<br \/>\n<a href=\"https:\/\/shop.vallin.lv\/wp-content\/uploads\/2026\/04\/16701-GE.BD_.065_060.SSpiu011-en-2.pdf\" target=\"_blank\">Per\u017ei\u016br\u0117ti<\/a><\/p>","protected":false},"excerpt":{"rendered":"<p>High-quality SUPERSILENT diesel generator, designed for continuous power supply for both industrial and commercial applications. Thanks to its soundproof canopy,<\/p>","protected":false},"featured_media":71703,"template":"","meta":[],"product_brand":[],"product_cat":[804],"product_tag":[],"class_list":{"0":"post-71703","1":"product","2":"type-product","3":"status-publish","4":"has-post-thumbnail","6":"product_cat-closed-type","8":"first","9":"outofstock","10":"taxable","11":"shipping-taxable","12":"purchasable","13":"product-type-simple"},"_links":{"self":[{"href":"https:\/\/shop.vallin.lv\/lt\/wp-json\/wp\/v2\/product\/71703","targetHints":{"allow":["GET"]}}],"collection":[{"href":"https:\/\/shop.vallin.lv\/lt\/wp-json\/wp\/v2\/product"}],"about":[{"href":"https:\/\/shop.vallin.lv\/lt\/wp-json\/wp\/v2\/types\/product"}],"version-history":[{"count":1,"href":"https:\/\/shop.vallin.lv\/lt\/wp-json\/wp\/v2\/product\/71703\/revisions"}],"predecessor-version":[{"id":71712,"href":"https:\/\/shop.vallin.lv\/lt\/wp-json\/wp\/v2\/product\/71703\/revisions\/71712"}],"wp:featuredmedia":[{"embeddable":true,"href":"https:\/\/shop.vallin.lv\/lt\/wp-json\/wp\/v2\/product\/71703"}],"wp:attachment":[{"href":"https:\/\/shop.vallin.lv\/lt\/wp-json\/wp\/v2\/media?parent=71703"}],"wp:term":[{"taxonomy":"product_brand","embeddable":true,"href":"https:\/\/shop.vallin.lv\/lt\/wp-json\/wp\/v2\/product_brand?post=71703"},{"taxonomy":"product_cat","embeddable":true,"href":"https:\/\/shop.vallin.lv\/lt\/wp-json\/wp\/v2\/product_cat?post=71703"},{"taxonomy":"product_tag","embeddable":true,"href":"https:\/\/shop.vallin.lv\/lt\/wp-json\/wp\/v2\/product_tag?post=71703"}],"curies":[{"name":"wp","href":"https:\/\/api.w.org\/{rel}","templated":true}]}}