{"id":71682,"date":"2026-04-23T08:57:04","date_gmt":"2026-04-23T06:57:04","guid":{"rendered":"https:\/\/shop.vallin.lv\/product\/adira-t-10000-6\/"},"modified":"2026-04-23T08:57:04","modified_gmt":"2026-04-23T06:57:04","slug":"adira-t-10000-6","status":"publish","type":"product","link":"https:\/\/shop.vallin.lv\/lt\/produktas\/adira-t-10000-6\/","title":{"rendered":"ADIRA T 10000-6"},"content":{"rendered":"<p>10000VA\/10000W, aut. 6 min.<\/p>\n<p><a href=\"https:\/\/www.effekta.com\/en\/product-overview\/adira-t-6-10-kva-ups-tower-design\/\" target=\"_blank\" rel=\"noopener\">Daugiau informacijos<\/a><\/p>\n<p>Duomen\u0173 lapas:<br \/>\n<a href=\"https:\/\/shop.vallin.lv\/wp-content\/uploads\/2026\/04\/Online_double_conversion_ADIRA_T_6-10_kVA-3.pdf\" target=\"_blank\">Per\u017ei\u016br\u0117ti<\/a><\/p>","protected":false},"excerpt":{"rendered":"<p>10000VA\/10000W, aut. 6 min. More information Data Sheet: View<\/p>","protected":false},"featured_media":71682,"template":"","meta":[],"product_brand":[],"product_cat":[957],"product_tag":[],"class_list":{"0":"post-71682","1":"product","2":"type-product","3":"status-publish","4":"has-post-thumbnail","6":"product_cat-adira-t-6-10-kva","8":"first","9":"outofstock","10":"taxable","11":"shipping-taxable","12":"purchasable","13":"product-type-simple"},"_links":{"self":[{"href":"https:\/\/shop.vallin.lv\/lt\/wp-json\/wp\/v2\/product\/71682","targetHints":{"allow":["GET"]}}],"collection":[{"href":"https:\/\/shop.vallin.lv\/lt\/wp-json\/wp\/v2\/product"}],"about":[{"href":"https:\/\/shop.vallin.lv\/lt\/wp-json\/wp\/v2\/types\/product"}],"version-history":[{"count":0,"href":"https:\/\/shop.vallin.lv\/lt\/wp-json\/wp\/v2\/product\/71682\/revisions"}],"wp:featuredmedia":[{"embeddable":true,"href":"https:\/\/shop.vallin.lv\/lt\/wp-json\/wp\/v2\/product\/71682"}],"wp:attachment":[{"href":"https:\/\/shop.vallin.lv\/lt\/wp-json\/wp\/v2\/media?parent=71682"}],"wp:term":[{"taxonomy":"product_brand","embeddable":true,"href":"https:\/\/shop.vallin.lv\/lt\/wp-json\/wp\/v2\/product_brand?post=71682"},{"taxonomy":"product_cat","embeddable":true,"href":"https:\/\/shop.vallin.lv\/lt\/wp-json\/wp\/v2\/product_cat?post=71682"},{"taxonomy":"product_tag","embeddable":true,"href":"https:\/\/shop.vallin.lv\/lt\/wp-json\/wp\/v2\/product_tag?post=71682"}],"curies":[{"name":"wp","href":"https:\/\/api.w.org\/{rel}","templated":true}]}}