{"id":71666,"date":"2026-04-22T15:09:35","date_gmt":"2026-04-22T13:09:35","guid":{"rendered":"https:\/\/shop.vallin.lv\/product\/adira-rt-1500\/"},"modified":"2026-04-22T15:09:35","modified_gmt":"2026-04-22T13:09:35","slug":"adira-rt-1500","status":"publish","type":"product","link":"https:\/\/shop.vallin.lv\/lt\/produktas\/adira-rt-1500\/","title":{"rendered":"ADIRA RT 1500"},"content":{"rendered":"<p>1500VA\/1500W, Aut. @100% 3 min, @50% 9 min. Please conctact us if you need UPS with longer autonomy time.<\/p>\n<p><a href=\"https:\/\/www.effekta.com\/en\/product-overview\/UPS-Adira-RT-07-3-kVA-power-supply\/\" target=\"_blank\" rel=\"noopener\">Daugiau informacijos<\/a><\/p>\n<p>Duomen\u0173 lapas:<br \/>\n<a href=\"https:\/\/shop.vallin.lv\/wp-content\/uploads\/2026\/04\/UPS_ADIRA_RT_0.7-3_kVA-5.pdf\" target=\"_blank\">Per\u017ei\u016br\u0117ti<\/a><\/p>","protected":false},"excerpt":{"rendered":"<p>1500VA\/1500W, Aut. @100% 3 min, @50% 9 min. Please conctact us if you need UPS with longer autonomy time. More<\/p>","protected":false},"featured_media":71666,"template":"","meta":[],"product_brand":[],"product_cat":[956],"product_tag":[],"class_list":{"0":"post-71666","1":"product","2":"type-product","3":"status-publish","4":"has-post-thumbnail","6":"product_cat-adira-rt-07-3-kva","8":"first","9":"outofstock","10":"taxable","11":"shipping-taxable","12":"purchasable","13":"product-type-simple"},"_links":{"self":[{"href":"https:\/\/shop.vallin.lv\/lt\/wp-json\/wp\/v2\/product\/71666","targetHints":{"allow":["GET"]}}],"collection":[{"href":"https:\/\/shop.vallin.lv\/lt\/wp-json\/wp\/v2\/product"}],"about":[{"href":"https:\/\/shop.vallin.lv\/lt\/wp-json\/wp\/v2\/types\/product"}],"version-history":[{"count":0,"href":"https:\/\/shop.vallin.lv\/lt\/wp-json\/wp\/v2\/product\/71666\/revisions"}],"wp:featuredmedia":[{"embeddable":true,"href":"https:\/\/shop.vallin.lv\/lt\/wp-json\/wp\/v2\/product\/71666"}],"wp:attachment":[{"href":"https:\/\/shop.vallin.lv\/lt\/wp-json\/wp\/v2\/media?parent=71666"}],"wp:term":[{"taxonomy":"product_brand","embeddable":true,"href":"https:\/\/shop.vallin.lv\/lt\/wp-json\/wp\/v2\/product_brand?post=71666"},{"taxonomy":"product_cat","embeddable":true,"href":"https:\/\/shop.vallin.lv\/lt\/wp-json\/wp\/v2\/product_cat?post=71666"},{"taxonomy":"product_tag","embeddable":true,"href":"https:\/\/shop.vallin.lv\/lt\/wp-json\/wp\/v2\/product_tag?post=71666"}],"curies":[{"name":"wp","href":"https:\/\/api.w.org\/{rel}","templated":true}]}}