{"id":71664,"date":"2026-04-22T15:09:34","date_gmt":"2026-04-22T13:09:34","guid":{"rendered":"https:\/\/shop.vallin.lv\/product\/adira-rt-700\/"},"modified":"2026-04-22T15:09:34","modified_gmt":"2026-04-22T13:09:34","slug":"adira-rt-700","status":"publish","type":"product","link":"https:\/\/shop.vallin.lv\/lt\/produktas\/adira-rt-700\/","title":{"rendered":"ADIRA RT 700"},"content":{"rendered":"<p>700VA\/700W, Aut. @100% 10 min, @50% 24 min.Please conctact us if you need UPS with longer autonomy time.<\/p>\n<p><a href=\"https:\/\/www.effekta.com\/en\/product-overview\/UPS-Adira-RT-07-3-kVA-power-supply\/\" target=\"_blank\" rel=\"noopener\">Daugiau informacijos<\/a><\/p>\n<p>Duomen\u0173 lapas:<br \/>\n<a href=\"https:\/\/shop.vallin.lv\/wp-content\/uploads\/2026\/04\/UPS_ADIRA_RT_0.7-3_kVA-5.pdf\" target=\"_blank\">Per\u017ei\u016br\u0117ti<\/a><\/p>","protected":false},"excerpt":{"rendered":"<p>700VA\/700W, Aut. @100% 10 min, @50% 24 min.Please conctact us if you need UPS with longer autonomy time. More information<\/p>","protected":false},"featured_media":71664,"template":"","meta":[],"product_brand":[],"product_cat":[956],"product_tag":[],"class_list":{"0":"post-71664","1":"product","2":"type-product","3":"status-publish","4":"has-post-thumbnail","6":"product_cat-adira-rt-07-3-kva","8":"first","9":"outofstock","10":"taxable","11":"shipping-taxable","12":"purchasable","13":"product-type-simple"},"_links":{"self":[{"href":"https:\/\/shop.vallin.lv\/lt\/wp-json\/wp\/v2\/product\/71664","targetHints":{"allow":["GET"]}}],"collection":[{"href":"https:\/\/shop.vallin.lv\/lt\/wp-json\/wp\/v2\/product"}],"about":[{"href":"https:\/\/shop.vallin.lv\/lt\/wp-json\/wp\/v2\/types\/product"}],"version-history":[{"count":0,"href":"https:\/\/shop.vallin.lv\/lt\/wp-json\/wp\/v2\/product\/71664\/revisions"}],"wp:featuredmedia":[{"embeddable":true,"href":"https:\/\/shop.vallin.lv\/lt\/wp-json\/wp\/v2\/product\/71664"}],"wp:attachment":[{"href":"https:\/\/shop.vallin.lv\/lt\/wp-json\/wp\/v2\/media?parent=71664"}],"wp:term":[{"taxonomy":"product_brand","embeddable":true,"href":"https:\/\/shop.vallin.lv\/lt\/wp-json\/wp\/v2\/product_brand?post=71664"},{"taxonomy":"product_cat","embeddable":true,"href":"https:\/\/shop.vallin.lv\/lt\/wp-json\/wp\/v2\/product_cat?post=71664"},{"taxonomy":"product_tag","embeddable":true,"href":"https:\/\/shop.vallin.lv\/lt\/wp-json\/wp\/v2\/product_tag?post=71664"}],"curies":[{"name":"wp","href":"https:\/\/api.w.org\/{rel}","templated":true}]}}