{"id":71659,"date":"2026-04-22T14:48:02","date_gmt":"2026-04-22T12:48:02","guid":{"rendered":"https:\/\/shop.vallin.lv\/product\/adira-t-2000\/"},"modified":"2026-04-22T14:48:02","modified_gmt":"2026-04-22T12:48:02","slug":"adira-t-2000","status":"publish","type":"product","link":"https:\/\/shop.vallin.lv\/lt\/produktas\/adira-t-2000\/","title":{"rendered":"ADIRA T 2000"},"content":{"rendered":"<p>2000VA\/2000W, Aut. @100% 6 min, @50% 16 min.Please conctact us if you need UPS with longer autonomy time.<\/p>\n<p><a href=\"https:\/\/www.effekta.com\/en\/product-overview\/UPS-Adira-T-07-3-kVA-compact\/\" target=\"_blank\" rel=\"noopener\">Daugiau informacijos<\/a><\/p>\n<p>Duomen\u0173 lapas:<br \/>\n<a href=\"https:\/\/shop.vallin.lv\/wp-content\/uploads\/2026\/04\/ADIRA-T-07-3-kVA_Prospekt_V9_EN-1.pdf\" target=\"_blank\">Per\u017ei\u016br\u0117ti<\/a><\/p>","protected":false},"excerpt":{"rendered":"<p>2000VA\/2000W, Aut. @100% 6 min, @50% 16 min.Please conctact us if you need UPS with longer autonomy time. More information<\/p>","protected":false},"featured_media":71659,"template":"","meta":[],"product_brand":[],"product_cat":[955],"product_tag":[],"class_list":{"0":"post-71659","1":"product","2":"type-product","3":"status-publish","4":"has-post-thumbnail","6":"product_cat-adira-t-07-3-kva","8":"first","9":"outofstock","10":"taxable","11":"shipping-taxable","12":"purchasable","13":"product-type-simple"},"_links":{"self":[{"href":"https:\/\/shop.vallin.lv\/lt\/wp-json\/wp\/v2\/product\/71659","targetHints":{"allow":["GET"]}}],"collection":[{"href":"https:\/\/shop.vallin.lv\/lt\/wp-json\/wp\/v2\/product"}],"about":[{"href":"https:\/\/shop.vallin.lv\/lt\/wp-json\/wp\/v2\/types\/product"}],"version-history":[{"count":0,"href":"https:\/\/shop.vallin.lv\/lt\/wp-json\/wp\/v2\/product\/71659\/revisions"}],"wp:featuredmedia":[{"embeddable":true,"href":"https:\/\/shop.vallin.lv\/lt\/wp-json\/wp\/v2\/product\/71659"}],"wp:attachment":[{"href":"https:\/\/shop.vallin.lv\/lt\/wp-json\/wp\/v2\/media?parent=71659"}],"wp:term":[{"taxonomy":"product_brand","embeddable":true,"href":"https:\/\/shop.vallin.lv\/lt\/wp-json\/wp\/v2\/product_brand?post=71659"},{"taxonomy":"product_cat","embeddable":true,"href":"https:\/\/shop.vallin.lv\/lt\/wp-json\/wp\/v2\/product_cat?post=71659"},{"taxonomy":"product_tag","embeddable":true,"href":"https:\/\/shop.vallin.lv\/lt\/wp-json\/wp\/v2\/product_tag?post=71659"}],"curies":[{"name":"wp","href":"https:\/\/api.w.org\/{rel}","templated":true}]}}