{"id":71639,"date":"2026-04-22T13:49:59","date_gmt":"2026-04-22T11:49:59","guid":{"rendered":"https:\/\/shop.vallin.lv\/product\/mtd-1500-rt-xl-54\/"},"modified":"2026-04-22T13:49:59","modified_gmt":"2026-04-22T11:49:59","slug":"mtd-1500-rt-xl-54","status":"publish","type":"product","link":"https:\/\/shop.vallin.lv\/lt\/produktas\/mtd-1500-rt-xl-54\/","title":{"rendered":"MTD 1500 RT XL-54"},"content":{"rendered":"<p>1500VA\/1350W, aut. 54 min.Matmenys UPS 86.5x438x430mm +  Baterij\u0173 blokas: 3x86.5x438x430mm<\/p>\n<p><a href=\"https:\/\/www.effekta.com\/en\/product-overview\/line-interactive-mtd-rt-series-usv-protection\/\" target=\"_blank\" rel=\"noopener\">Daugiau informacijos<\/a><\/p>\n<p>Duomen\u0173 lapas:<br \/>\n<a href=\"https:\/\/shop.vallin.lv\/wp-content\/uploads\/2026\/04\/Line-Interactive_MTD-RT_series-1.pdf\" target=\"_blank\">Per\u017ei\u016br\u0117ti<\/a><\/p>","protected":false},"excerpt":{"rendered":"<p>1500VA\/1350W, aut. 54 min.Dimensions UPS 86.5x438x430mm + Battery pack 3x 86.5x438x430mm More information Data Sheet: View<\/p>","protected":false},"featured_media":71639,"template":"","meta":[],"product_brand":[],"product_cat":[954],"product_tag":[],"class_list":{"0":"post-71639","1":"product","2":"type-product","3":"status-publish","4":"has-post-thumbnail","6":"product_cat-mtd-rt-series-1000-3000-va","8":"first","9":"outofstock","10":"taxable","11":"shipping-taxable","12":"purchasable","13":"product-type-simple"},"_links":{"self":[{"href":"https:\/\/shop.vallin.lv\/lt\/wp-json\/wp\/v2\/product\/71639","targetHints":{"allow":["GET"]}}],"collection":[{"href":"https:\/\/shop.vallin.lv\/lt\/wp-json\/wp\/v2\/product"}],"about":[{"href":"https:\/\/shop.vallin.lv\/lt\/wp-json\/wp\/v2\/types\/product"}],"version-history":[{"count":0,"href":"https:\/\/shop.vallin.lv\/lt\/wp-json\/wp\/v2\/product\/71639\/revisions"}],"wp:featuredmedia":[{"embeddable":true,"href":"https:\/\/shop.vallin.lv\/lt\/wp-json\/wp\/v2\/product\/71639"}],"wp:attachment":[{"href":"https:\/\/shop.vallin.lv\/lt\/wp-json\/wp\/v2\/media?parent=71639"}],"wp:term":[{"taxonomy":"product_brand","embeddable":true,"href":"https:\/\/shop.vallin.lv\/lt\/wp-json\/wp\/v2\/product_brand?post=71639"},{"taxonomy":"product_cat","embeddable":true,"href":"https:\/\/shop.vallin.lv\/lt\/wp-json\/wp\/v2\/product_cat?post=71639"},{"taxonomy":"product_tag","embeddable":true,"href":"https:\/\/shop.vallin.lv\/lt\/wp-json\/wp\/v2\/product_tag?post=71639"}],"curies":[{"name":"wp","href":"https:\/\/api.w.org\/{rel}","templated":true}]}}