{"id":71586,"date":"2026-04-22T09:34:01","date_gmt":"2026-04-22T07:34:01","guid":{"rendered":"https:\/\/shop.vallin.lv\/product\/mtx-1500\/"},"modified":"2026-04-22T09:50:10","modified_gmt":"2026-04-22T07:50:10","slug":"mtx-1500","status":"publish","type":"product","link":"https:\/\/shop.vallin.lv\/lt\/produktas\/mtx-1500\/","title":{"rendered":"MTX 1500"},"content":{"rendered":"<p>1500VA\/1350W, aut. 7 min.<\/p>\n<p><a href=\"https:\/\/www.effekta.com\/en\/product-overview\/line-interactive-mtx-series-compact-UPS\/\" target=\"_blank\" rel=\"noopener\">Daugiau informacijos<\/a><\/p>\n<p>Duomen\u0173 lapas:<br \/>\n<a href=\"https:\/\/shop.vallin.lv\/wp-content\/uploads\/2026\/04\/Line-Interactive_MTX_series-1.pdf\" target=\"_blank\">Per\u017ei\u016br\u0117ti<\/a><\/p>","protected":false},"excerpt":{"rendered":"<p>1500VA\/1350W, aut. 7 min. More information Data Sheet: View<\/p>","protected":false},"featured_media":71586,"template":"","meta":[],"product_brand":[],"product_cat":[953],"product_tag":[],"class_list":{"0":"post-71586","1":"product","2":"type-product","3":"status-publish","4":"has-post-thumbnail","6":"product_cat-mtx-series-800-3000-va","8":"first","9":"outofstock","10":"taxable","11":"shipping-taxable","12":"purchasable","13":"product-type-simple"},"_links":{"self":[{"href":"https:\/\/shop.vallin.lv\/lt\/wp-json\/wp\/v2\/product\/71586","targetHints":{"allow":["GET"]}}],"collection":[{"href":"https:\/\/shop.vallin.lv\/lt\/wp-json\/wp\/v2\/product"}],"about":[{"href":"https:\/\/shop.vallin.lv\/lt\/wp-json\/wp\/v2\/types\/product"}],"version-history":[{"count":1,"href":"https:\/\/shop.vallin.lv\/lt\/wp-json\/wp\/v2\/product\/71586\/revisions"}],"predecessor-version":[{"id":71611,"href":"https:\/\/shop.vallin.lv\/lt\/wp-json\/wp\/v2\/product\/71586\/revisions\/71611"}],"wp:featuredmedia":[{"embeddable":true,"href":"https:\/\/shop.vallin.lv\/lt\/wp-json\/wp\/v2\/product\/71586"}],"wp:attachment":[{"href":"https:\/\/shop.vallin.lv\/lt\/wp-json\/wp\/v2\/media?parent=71586"}],"wp:term":[{"taxonomy":"product_brand","embeddable":true,"href":"https:\/\/shop.vallin.lv\/lt\/wp-json\/wp\/v2\/product_brand?post=71586"},{"taxonomy":"product_cat","embeddable":true,"href":"https:\/\/shop.vallin.lv\/lt\/wp-json\/wp\/v2\/product_cat?post=71586"},{"taxonomy":"product_tag","embeddable":true,"href":"https:\/\/shop.vallin.lv\/lt\/wp-json\/wp\/v2\/product_tag?post=71586"}],"curies":[{"name":"wp","href":"https:\/\/api.w.org\/{rel}","templated":true}]}}