{"id":71578,"date":"2026-04-22T09:33:58","date_gmt":"2026-04-22T07:33:58","guid":{"rendered":"https:\/\/shop.vallin.lv\/product\/mtx-800\/"},"modified":"2026-04-22T09:50:08","modified_gmt":"2026-04-22T07:50:08","slug":"mtx-800","status":"publish","type":"product","link":"https:\/\/shop.vallin.lv\/lt\/produktas\/mtx-800\/","title":{"rendered":"MTX 800"},"content":{"rendered":"<p>800VA\/720W, aut. 7 min.<\/p>\n<p><a href=\"https:\/\/www.effekta.com\/en\/product-overview\/line-interactive-mtx-series-compact-UPS\/\" target=\"_blank\" rel=\"noopener\">Daugiau informacijos<\/a><\/p>\n<p>Duomen\u0173 lapas:<br \/>\n<a href=\"https:\/\/shop.vallin.lv\/wp-content\/uploads\/2026\/04\/Line-Interactive_MTX_series-1.pdf\" target=\"_blank\">Per\u017ei\u016br\u0117ti<\/a><\/p>","protected":false},"excerpt":{"rendered":"<p>800VA\/720W, aut. 7 min. More information Data Sheet: View<\/p>","protected":false},"featured_media":71578,"template":"","meta":[],"product_brand":[],"product_cat":[953],"product_tag":[],"class_list":{"0":"post-71578","1":"product","2":"type-product","3":"status-publish","4":"has-post-thumbnail","6":"product_cat-mtx-series-800-3000-va","8":"first","9":"outofstock","10":"taxable","11":"shipping-taxable","12":"purchasable","13":"product-type-simple"},"_links":{"self":[{"href":"https:\/\/shop.vallin.lv\/lt\/wp-json\/wp\/v2\/product\/71578","targetHints":{"allow":["GET"]}}],"collection":[{"href":"https:\/\/shop.vallin.lv\/lt\/wp-json\/wp\/v2\/product"}],"about":[{"href":"https:\/\/shop.vallin.lv\/lt\/wp-json\/wp\/v2\/types\/product"}],"version-history":[{"count":1,"href":"https:\/\/shop.vallin.lv\/lt\/wp-json\/wp\/v2\/product\/71578\/revisions"}],"predecessor-version":[{"id":71619,"href":"https:\/\/shop.vallin.lv\/lt\/wp-json\/wp\/v2\/product\/71578\/revisions\/71619"}],"wp:featuredmedia":[{"embeddable":true,"href":"https:\/\/shop.vallin.lv\/lt\/wp-json\/wp\/v2\/product\/71578"}],"wp:attachment":[{"href":"https:\/\/shop.vallin.lv\/lt\/wp-json\/wp\/v2\/media?parent=71578"}],"wp:term":[{"taxonomy":"product_brand","embeddable":true,"href":"https:\/\/shop.vallin.lv\/lt\/wp-json\/wp\/v2\/product_brand?post=71578"},{"taxonomy":"product_cat","embeddable":true,"href":"https:\/\/shop.vallin.lv\/lt\/wp-json\/wp\/v2\/product_cat?post=71578"},{"taxonomy":"product_tag","embeddable":true,"href":"https:\/\/shop.vallin.lv\/lt\/wp-json\/wp\/v2\/product_tag?post=71578"}],"curies":[{"name":"wp","href":"https:\/\/api.w.org\/{rel}","templated":true}]}}