{"id":71565,"date":"2026-04-21T15:00:42","date_gmt":"2026-04-21T13:00:42","guid":{"rendered":"https:\/\/shop.vallin.lv\/product\/compact-rm-750\/"},"modified":"2026-04-22T09:50:08","modified_gmt":"2026-04-22T07:50:08","slug":"compact-rm-750","status":"publish","type":"product","link":"https:\/\/shop.vallin.lv\/lt\/produktas\/compact-rm-750\/","title":{"rendered":"Compact RM 750"},"content":{"rendered":"<p>750VA\/450W, aut. @100% 2.5 min. aut. @50% 8.5 min.<\/p>\n<p><a href=\"https:\/\/www.effekta.com\/en\/product-overview\/UPS-compact-rm-750-3000va-industrial\/\" target=\"_blank\" rel=\"noopener\">Daugiau informacijos<\/a><\/p>\n<p>Duomen\u0173 lapas:<br \/>\n<a href=\"https:\/\/shop.vallin.lv\/wp-content\/uploads\/2026\/04\/COMPACT_RM_serie_EN_251128-1.pdf\" target=\"_blank\">Per\u017ei\u016br\u0117ti<\/a><\/p>","protected":false},"excerpt":{"rendered":"<p>750VA\/450W, aut. @100% 2.5 min. aut. @50% 8.5 min. More information Data Sheet: View<\/p>","protected":false},"featured_media":71565,"template":"","meta":[],"product_brand":[],"product_cat":[952],"product_tag":[],"class_list":{"0":"post-71565","1":"product","2":"type-product","3":"status-publish","4":"has-post-thumbnail","6":"product_cat-compact-rm-series-750-3000-va","8":"first","9":"outofstock","10":"taxable","11":"shipping-taxable","12":"purchasable","13":"product-type-simple"},"_links":{"self":[{"href":"https:\/\/shop.vallin.lv\/lt\/wp-json\/wp\/v2\/product\/71565","targetHints":{"allow":["GET"]}}],"collection":[{"href":"https:\/\/shop.vallin.lv\/lt\/wp-json\/wp\/v2\/product"}],"about":[{"href":"https:\/\/shop.vallin.lv\/lt\/wp-json\/wp\/v2\/types\/product"}],"version-history":[{"count":1,"href":"https:\/\/shop.vallin.lv\/lt\/wp-json\/wp\/v2\/product\/71565\/revisions"}],"predecessor-version":[{"id":71622,"href":"https:\/\/shop.vallin.lv\/lt\/wp-json\/wp\/v2\/product\/71565\/revisions\/71622"}],"wp:featuredmedia":[{"embeddable":true,"href":"https:\/\/shop.vallin.lv\/lt\/wp-json\/wp\/v2\/product\/71565"}],"wp:attachment":[{"href":"https:\/\/shop.vallin.lv\/lt\/wp-json\/wp\/v2\/media?parent=71565"}],"wp:term":[{"taxonomy":"product_brand","embeddable":true,"href":"https:\/\/shop.vallin.lv\/lt\/wp-json\/wp\/v2\/product_brand?post=71565"},{"taxonomy":"product_cat","embeddable":true,"href":"https:\/\/shop.vallin.lv\/lt\/wp-json\/wp\/v2\/product_cat?post=71565"},{"taxonomy":"product_tag","embeddable":true,"href":"https:\/\/shop.vallin.lv\/lt\/wp-json\/wp\/v2\/product_tag?post=71565"}],"curies":[{"name":"wp","href":"https:\/\/api.w.org\/{rel}","templated":true}]}}