{"id":71563,"date":"2026-04-21T15:00:41","date_gmt":"2026-04-21T13:00:41","guid":{"rendered":"https:\/\/shop.vallin.lv\/product\/office-600-rm\/"},"modified":"2026-04-22T09:50:07","modified_gmt":"2026-04-22T07:50:07","slug":"office-600-rm","status":"publish","type":"product","link":"https:\/\/shop.vallin.lv\/lt\/produktas\/office-600-rm\/","title":{"rendered":"OFFICE 600 RM"},"content":{"rendered":"<p>600VA\/360W, aut. 12 min.<\/p>\n<p><a href=\"https:\/\/www.effekta.com\/en\/product-overview\/line-interactive-office-rm-usv-office\/\" target=\"_blank\" rel=\"noopener\">Daugiau informacijos<\/a><\/p>\n<p>Duomen\u0173 lapas:<br \/>\n<a href=\"https:\/\/shop.vallin.lv\/wp-content\/uploads\/2026\/04\/Line-Interactive_OFFICE-RM-5.pdf\" target=\"_blank\">Per\u017ei\u016br\u0117ti<\/a><\/p>","protected":false},"excerpt":{"rendered":"<p>600VA\/360W, aut. 12 min. More information Data Sheet: View<\/p>","protected":false},"featured_media":71563,"template":"","meta":[],"product_brand":[],"product_cat":[951],"product_tag":[],"class_list":{"0":"post-71563","1":"product","2":"type-product","3":"status-publish","4":"has-post-thumbnail","6":"product_cat-office-rm-series-600-1000-va","8":"first","9":"outofstock","10":"taxable","11":"shipping-taxable","12":"purchasable","13":"product-type-simple"},"_links":{"self":[{"href":"https:\/\/shop.vallin.lv\/lt\/wp-json\/wp\/v2\/product\/71563","targetHints":{"allow":["GET"]}}],"collection":[{"href":"https:\/\/shop.vallin.lv\/lt\/wp-json\/wp\/v2\/product"}],"about":[{"href":"https:\/\/shop.vallin.lv\/lt\/wp-json\/wp\/v2\/types\/product"}],"version-history":[{"count":1,"href":"https:\/\/shop.vallin.lv\/lt\/wp-json\/wp\/v2\/product\/71563\/revisions"}],"predecessor-version":[{"id":71624,"href":"https:\/\/shop.vallin.lv\/lt\/wp-json\/wp\/v2\/product\/71563\/revisions\/71624"}],"wp:featuredmedia":[{"embeddable":true,"href":"https:\/\/shop.vallin.lv\/lt\/wp-json\/wp\/v2\/product\/71563"}],"wp:attachment":[{"href":"https:\/\/shop.vallin.lv\/lt\/wp-json\/wp\/v2\/media?parent=71563"}],"wp:term":[{"taxonomy":"product_brand","embeddable":true,"href":"https:\/\/shop.vallin.lv\/lt\/wp-json\/wp\/v2\/product_brand?post=71563"},{"taxonomy":"product_cat","embeddable":true,"href":"https:\/\/shop.vallin.lv\/lt\/wp-json\/wp\/v2\/product_cat?post=71563"},{"taxonomy":"product_tag","embeddable":true,"href":"https:\/\/shop.vallin.lv\/lt\/wp-json\/wp\/v2\/product_tag?post=71563"}],"curies":[{"name":"wp","href":"https:\/\/api.w.org\/{rel}","templated":true}]}}