{"id":71556,"date":"2026-04-21T13:54:12","date_gmt":"2026-04-21T11:54:12","guid":{"rendered":"https:\/\/shop.vallin.lv\/product\/office-1500\/"},"modified":"2026-04-22T09:50:07","modified_gmt":"2026-04-22T07:50:07","slug":"office-1500","status":"publish","type":"product","link":"https:\/\/shop.vallin.lv\/lt\/produktas\/office-1500\/","title":{"rendered":"OFFICE 1500"},"content":{"rendered":"<p>1500VA\/900W, aut. 35 min.<\/p>\n<p><a href=\"https:\/\/www.effekta.com\/en\/product-overview\/line-interactive-office-series-usv-small-business\/\" target=\"_blank\" rel=\"noopener\">Daugiau informacijos<\/a><\/p>\n<p>Duomen\u0173 lapas:<br \/>\n<a href=\"https:\/\/shop.vallin.lv\/wp-content\/uploads\/2026\/04\/Line-Interactive_Office_series-7.pdf\" target=\"_blank\">Per\u017ei\u016br\u0117ti<\/a><\/p>","protected":false},"excerpt":{"rendered":"<p>1500VA\/900W, aut. 35 min. More information Data Sheet: View<\/p>","protected":false},"featured_media":71556,"template":"","meta":[],"product_brand":[],"product_cat":[949],"product_tag":[],"class_list":{"0":"post-71556","1":"product","2":"type-product","3":"status-publish","4":"has-post-thumbnail","6":"product_cat-office-series-400-2000-va","8":"first","9":"outofstock","10":"taxable","11":"shipping-taxable","12":"purchasable","13":"product-type-simple"},"_links":{"self":[{"href":"https:\/\/shop.vallin.lv\/lt\/wp-json\/wp\/v2\/product\/71556","targetHints":{"allow":["GET"]}}],"collection":[{"href":"https:\/\/shop.vallin.lv\/lt\/wp-json\/wp\/v2\/product"}],"about":[{"href":"https:\/\/shop.vallin.lv\/lt\/wp-json\/wp\/v2\/types\/product"}],"version-history":[{"count":1,"href":"https:\/\/shop.vallin.lv\/lt\/wp-json\/wp\/v2\/product\/71556\/revisions"}],"predecessor-version":[{"id":71571,"href":"https:\/\/shop.vallin.lv\/lt\/wp-json\/wp\/v2\/product\/71556\/revisions\/71571"}],"wp:featuredmedia":[{"embeddable":true,"href":"https:\/\/shop.vallin.lv\/lt\/wp-json\/wp\/v2\/product\/71556"}],"wp:attachment":[{"href":"https:\/\/shop.vallin.lv\/lt\/wp-json\/wp\/v2\/media?parent=71556"}],"wp:term":[{"taxonomy":"product_brand","embeddable":true,"href":"https:\/\/shop.vallin.lv\/lt\/wp-json\/wp\/v2\/product_brand?post=71556"},{"taxonomy":"product_cat","embeddable":true,"href":"https:\/\/shop.vallin.lv\/lt\/wp-json\/wp\/v2\/product_cat?post=71556"},{"taxonomy":"product_tag","embeddable":true,"href":"https:\/\/shop.vallin.lv\/lt\/wp-json\/wp\/v2\/product_tag?post=71556"}],"curies":[{"name":"wp","href":"https:\/\/api.w.org\/{rel}","templated":true}]}}