{"id":71544,"date":"2026-04-21T12:00:19","date_gmt":"2026-04-21T10:00:19","guid":{"rendered":"https:\/\/shop.vallin.lv\/product\/office-home-800\/"},"modified":"2026-04-22T09:50:05","modified_gmt":"2026-04-22T07:50:05","slug":"office-home-800","status":"publish","type":"product","link":"https:\/\/shop.vallin.lv\/lt\/produktas\/office-home-800\/","title":{"rendered":"OFFICE Home 800"},"content":{"rendered":"<p>EFFEKTA\u00ae OFFICE Home apsaugo j\u016bs\u0173 biuro \u012frang\u0105, toki\u0105 kaip kompiuteriai ir j\u0173 periferiniai \u012frenginiai, nuo elektros tiekimo sutrikim\u0173. Kompakti\u0161ki \u0161io UPS matmenys leid\u017eia j\u012f lengvai integruoti net ir labai ribotoje erdv\u0117je. Dar viena \u0161io UPS ypatyb\u0117 \u2013 integruota kombinuota elektros lizd\u0173 juosta. Joje yra 3 Schuko lizdai su UPS funkcija ir 3 Schuko lizdai su vir\u0161\u012ftampio apsauga. Visa svarbi informacija rodoma ap\u0161viestame LCD ekrane su jutikliniu valdymu.<\/p>\n<p><a href=\"https:\/\/www.effekta.com\/en\/product-overview\/line-interactive-vfd-office-home-series-ups\/\" target=\"_blank\" rel=\"noopener\">Daugiau informacijos<\/a><\/p>\n<p>Duomen\u0173 lapas:<br \/>\n<a href=\"https:\/\/shop.vallin.lv\/wp-content\/uploads\/2026\/04\/Line-Interactive_VFD_Office-Home_series-3.pdf\" target=\"_blank\">Per\u017ei\u016br\u0117ti<\/a><\/p>","protected":false},"excerpt":{"rendered":"<p>The OFFICE Home from EFFEKTA\u00ae protects your office equipment, such as PCs and their peripherals, against power outages. The compact<\/p>","protected":false},"featured_media":71544,"template":"","meta":[],"product_brand":[],"product_cat":[950],"product_tag":[],"class_list":{"0":"post-71544","1":"product","2":"type-product","3":"status-publish","4":"has-post-thumbnail","6":"product_cat-home-series-800-va","8":"first","9":"outofstock","10":"taxable","11":"shipping-taxable","12":"purchasable","13":"product-type-simple"},"_links":{"self":[{"href":"https:\/\/shop.vallin.lv\/lt\/wp-json\/wp\/v2\/product\/71544","targetHints":{"allow":["GET"]}}],"collection":[{"href":"https:\/\/shop.vallin.lv\/lt\/wp-json\/wp\/v2\/product"}],"about":[{"href":"https:\/\/shop.vallin.lv\/lt\/wp-json\/wp\/v2\/types\/product"}],"version-history":[{"count":1,"href":"https:\/\/shop.vallin.lv\/lt\/wp-json\/wp\/v2\/product\/71544\/revisions"}],"predecessor-version":[{"id":71548,"href":"https:\/\/shop.vallin.lv\/lt\/wp-json\/wp\/v2\/product\/71544\/revisions\/71548"}],"wp:featuredmedia":[{"embeddable":true,"href":"https:\/\/shop.vallin.lv\/lt\/wp-json\/wp\/v2\/product\/71544"}],"wp:attachment":[{"href":"https:\/\/shop.vallin.lv\/lt\/wp-json\/wp\/v2\/media?parent=71544"}],"wp:term":[{"taxonomy":"product_brand","embeddable":true,"href":"https:\/\/shop.vallin.lv\/lt\/wp-json\/wp\/v2\/product_brand?post=71544"},{"taxonomy":"product_cat","embeddable":true,"href":"https:\/\/shop.vallin.lv\/lt\/wp-json\/wp\/v2\/product_cat?post=71544"},{"taxonomy":"product_tag","embeddable":true,"href":"https:\/\/shop.vallin.lv\/lt\/wp-json\/wp\/v2\/product_tag?post=71544"}],"curies":[{"name":"wp","href":"https:\/\/api.w.org\/{rel}","templated":true}]}}