{"id":71530,"date":"2026-04-20T13:23:00","date_gmt":"2026-04-20T11:23:00","guid":{"rendered":"https:\/\/shop.vallin.lv\/product\/invertor-solax-x3-10k-g2-10kw-with-wifi-3-0-module\/"},"modified":"2026-04-20T13:23:00","modified_gmt":"2026-04-20T11:23:00","slug":"invertor-solax-x3-10k-g2-10kw-with-wifi-3-0-module","status":"publish","type":"product","link":"https:\/\/shop.vallin.lv\/lt\/produktas\/invertor-solax-x3-10k-g2-10kw-with-wifi-3-0-module\/","title":{"rendered":"Invertor SOLAX X3-10K-G2 10kW with Wifi 3.0 module"},"content":{"rendered":"<p>Invertor SOLAX X3-10K-G2 10kW with Wifi 3.0 module<\/p>\n<p><a href=\"https:\/\/www.solaxpower.com\/our-products\/x3-mic.html\" target=\"_blank\" rel=\"noopener\">Daugiau informacijos<\/a><\/p>\n<p>Duomen\u0173 lapas:<br \/>\n<a href=\"https:\/\/shop.vallin.lv\/wp-content\/uploads\/2026\/04\/solax-x3-mic-g2-datasheet-en-au-cec.pdf\" target=\"_blank\">Per\u017ei\u016br\u0117ti<\/a><\/p>","protected":false},"excerpt":{"rendered":"<p>Invertors SOLAX X3-10K-G2 10kW ar Wifi 3.0 moduli More information Data Sheet: View<\/p>","protected":false},"featured_media":71530,"template":"","meta":[],"product_brand":[],"product_cat":[948],"product_tag":[],"class_list":{"0":"post-71530","1":"product","2":"type-product","3":"status-publish","4":"has-post-thumbnail","6":"product_cat-invertors","8":"first","9":"instock","10":"taxable","11":"shipping-taxable","12":"purchasable","13":"product-type-simple"},"_links":{"self":[{"href":"https:\/\/shop.vallin.lv\/lt\/wp-json\/wp\/v2\/product\/71530","targetHints":{"allow":["GET"]}}],"collection":[{"href":"https:\/\/shop.vallin.lv\/lt\/wp-json\/wp\/v2\/product"}],"about":[{"href":"https:\/\/shop.vallin.lv\/lt\/wp-json\/wp\/v2\/types\/product"}],"version-history":[{"count":0,"href":"https:\/\/shop.vallin.lv\/lt\/wp-json\/wp\/v2\/product\/71530\/revisions"}],"wp:featuredmedia":[{"embeddable":true,"href":"https:\/\/shop.vallin.lv\/lt\/wp-json\/wp\/v2\/product\/71530"}],"wp:attachment":[{"href":"https:\/\/shop.vallin.lv\/lt\/wp-json\/wp\/v2\/media?parent=71530"}],"wp:term":[{"taxonomy":"product_brand","embeddable":true,"href":"https:\/\/shop.vallin.lv\/lt\/wp-json\/wp\/v2\/product_brand?post=71530"},{"taxonomy":"product_cat","embeddable":true,"href":"https:\/\/shop.vallin.lv\/lt\/wp-json\/wp\/v2\/product_cat?post=71530"},{"taxonomy":"product_tag","embeddable":true,"href":"https:\/\/shop.vallin.lv\/lt\/wp-json\/wp\/v2\/product_tag?post=71530"}],"curies":[{"name":"wp","href":"https:\/\/api.w.org\/{rel}","templated":true}]}}