{"id":71445,"date":"2026-04-17T14:50:08","date_gmt":"2026-04-17T12:50:08","guid":{"rendered":"https:\/\/shop.vallin.lv\/product\/super-power-inverter-portable-genset-33-kva-3-kw-230v-electric-start\/"},"modified":"2026-04-21T10:29:05","modified_gmt":"2026-04-21T08:29:05","slug":"super-power-inverter-portable-genset-33-kva-3-kw-230v-electric-start","status":"publish","type":"product","link":"https:\/\/shop.vallin.lv\/lt\/produktas\/super-power-inverter-portable-genset-33-kva-3-kw-230v-electric-start\/","title":{"rendered":"Super Power inverterinis ne\u0161iojamas generatorius 3,3 kVA \/ 3 kW, 230V, elektrinis paleidimas"},"content":{"rendered":"<p>CGM3300IE Inverter generator with electric start; Power: 3.3 kVA \/ 3.0 kW; Voltage: 230V; Starter: electric<\/p>\n<p><a href=\"https:\/\/www.cgmitalia.it\/en\/portable-generating-sets\/quiet-portable-generators\" target=\"_blank\" rel=\"noopener\">Daugiau informacijos<\/a><\/p>\n<p>Duomen\u0173 lapas:<br \/>\n<a href=\"https:\/\/shop.vallin.lv\/wp-content\/uploads\/2026\/04\/portable-invertor-generator-3300ie.pdf\" target=\"_blank\">Per\u017ei\u016br\u0117ti<\/a><\/p>","protected":false},"excerpt":{"rendered":"<p>CGM3300IE Inverter generator with electric start; Power: 3.3 kVA \/ 3.0 kW; Voltage: 230V; Starter: electric More information Data Sheet:<\/p>","protected":false},"featured_media":71445,"template":"","meta":[],"product_brand":[],"product_cat":[801],"product_tag":[],"class_list":{"0":"post-71445","1":"product","2":"type-product","3":"status-publish","4":"has-post-thumbnail","6":"product_cat-petrol","8":"first","9":"instock","10":"taxable","11":"shipping-taxable","12":"purchasable","13":"product-type-simple"},"_links":{"self":[{"href":"https:\/\/shop.vallin.lv\/lt\/wp-json\/wp\/v2\/product\/71445","targetHints":{"allow":["GET"]}}],"collection":[{"href":"https:\/\/shop.vallin.lv\/lt\/wp-json\/wp\/v2\/product"}],"about":[{"href":"https:\/\/shop.vallin.lv\/lt\/wp-json\/wp\/v2\/types\/product"}],"version-history":[{"count":1,"href":"https:\/\/shop.vallin.lv\/lt\/wp-json\/wp\/v2\/product\/71445\/revisions"}],"predecessor-version":[{"id":71503,"href":"https:\/\/shop.vallin.lv\/lt\/wp-json\/wp\/v2\/product\/71445\/revisions\/71503"}],"wp:featuredmedia":[{"embeddable":true,"href":"https:\/\/shop.vallin.lv\/lt\/wp-json\/wp\/v2\/product\/71445"}],"wp:attachment":[{"href":"https:\/\/shop.vallin.lv\/lt\/wp-json\/wp\/v2\/media?parent=71445"}],"wp:term":[{"taxonomy":"product_brand","embeddable":true,"href":"https:\/\/shop.vallin.lv\/lt\/wp-json\/wp\/v2\/product_brand?post=71445"},{"taxonomy":"product_cat","embeddable":true,"href":"https:\/\/shop.vallin.lv\/lt\/wp-json\/wp\/v2\/product_cat?post=71445"},{"taxonomy":"product_tag","embeddable":true,"href":"https:\/\/shop.vallin.lv\/lt\/wp-json\/wp\/v2\/product_tag?post=71445"}],"curies":[{"name":"wp","href":"https:\/\/api.w.org\/{rel}","templated":true}]}}